{"id":4029,"date":"2021-04-09T12:47:24","date_gmt":"2021-04-09T10:47:24","guid":{"rendered":"https:\/\/test.elenabastiani.com\/?page_id=4029"},"modified":"2021-09-07T23:15:05","modified_gmt":"2021-09-07T21:15:05","slug":"fotografa-ritratti-artistici","status":"publish","type":"page","link":"https:\/\/test.elenabastiani.com\/index.php\/fotografa-ritratti-artistici\/","title":{"rendered":"Immagini Fine Art"},"content":{"rendered":"<div class=\"one\" >\n<div class=\"page_content_wrapper\">\n<div class=\"inner\">\n<blockquote>\n<p style=\"text-align: center;\">\u201cCosa c\u2019\u00e8 di pi\u00f9 fugace dell\u2019espressione che passa su un viso?\u201d<\/br><br \/>\nHenri Cartier-Bresson<\/p>\n<\/blockquote>\n<p><img loading=\"lazy\" src=\"http:\/\/test.elenabastiani.com\/wp-content\/uploads\/2014\/11\/ritratto-famiglia-fine-art.png\" alt=\"\" width=\"1024\" height=\"684\" class=\"aligncenter size-large wp-image-3716\" \/><\/p>\n<\/div>\n<\/div>\n<\/div>\n<div class=\"one\" >\n<div class=\"page_content_wrapper nopadding\">\n<div class=\"one_half_bg animate\" style=\"background-image:url(http:\/\/test.elenabastiani.com\/wp-content\/uploads\/2014\/11\/sessione-maternita\u030027.png);height:1600px;\"><\/div>\n<div class=\"one_half_bg content_middle animate\">\n<div class=\"nicepadding\">\n<p style=\"text-align: center;\">Questo tipo di immagini nascono dall\u2019unione di arte e fotografia. Luci, abiti, pose, tutto prende spunto dalla storia dell\u2019arte, i colori, la creativit\u00e0 e la tecnica di scatto dalla fotografia.<\/br><\/p>\n<h5 style=\"text-align: center;\"><em>Il risultato \u00e8 semplicemente eccezionale.<\/em><\/h5>\n<\/p>\n<p style=\"text-align: center;\">La luce artificiale permette la massima personalizzazione la piena libert\u00e0 artistica, fotografare \u00e8 scrivere con la luce e se la luce la decidi tu, di fatto puoi scrivere qualsiasi storia. Questo tipo di sessioni \u00e8 perfetto per chi desidera pi\u00f9 che una semplice fotografia, un ritratto pensato, progettato e realizzato per esaltare i tratti del soggetto ritratto e diventare un punto di forza nella vostra casa, una tela preziosa che verr\u00e0 conservata e tramandata perch\u00e9 meravigliosa.\n<\/p>\n<p><\/br><br \/>\n<img loading=\"lazy\" class=\"aligncenter wp-image-4655 size-large\" src=\"http:\/\/test.elenabastiani.com\/wp-content\/uploads\/2014\/11\/fine-art-due-foto-1024x738.png\" alt=\"\" width=\"1024\" height=\"738\" srcset=\"https:\/\/test.elenabastiani.com\/wp-content\/uploads\/2014\/11\/fine-art-due-foto-1024x738.png 1024w, https:\/\/test.elenabastiani.com\/wp-content\/uploads\/2014\/11\/fine-art-due-foto-300x216.png 300w, https:\/\/test.elenabastiani.com\/wp-content\/uploads\/2014\/11\/fine-art-due-foto-768x554.png 768w, https:\/\/test.elenabastiani.com\/wp-content\/uploads\/2014\/11\/fine-art-due-foto-485x350.png 485w, https:\/\/test.elenabastiani.com\/wp-content\/uploads\/2014\/11\/fine-art-due-foto-960x692.png 960w, https:\/\/test.elenabastiani.com\/wp-content\/uploads\/2014\/11\/fine-art-due-foto.png 1200w\" sizes=\"(max-width: 1024px) 100vw, 1024px\" \/><\/br><\/p>\n<p style=\"text-align: center;\">Io personalmente mi sento soddisfatta quando l\u2019immagine Fine Art \u00e8 talmente bella che la appenderei nel salotto di casa mia anche se la persona ritratta non \u00e8 della mia famiglia, cos\u00ec mi rendo conto di aver fatto davvero un buon lavoro!<\/br><br \/>\nIl lavoro di progettazione del ritratto \u00e8 soltanto la prima parte, seguita dai preparativi veri e propri come vestizione e capelli, l\u2019assetto di luci scelto e la realizzazione dello scatto. Successivamente inizia tutto il lungo processo di editing digitale, correzione luce, taglio, color grading artistico ed editing professionale di pelle, capelli e di ogni singolo dettaglio finalizzato alla perfezione in fase di stampa.<\/br><br \/>\nAnche per questi motivi la fotografia Fine Art non pu\u00f2 essere fatta a livello amatoriale e neppure realizzata da tutti i fotografi, richiede formazione e competenze specifiche oltre che attrezzatura professionale e una grande passione per l\u2019arte e questo tipo di immagini. Io le trovo semplicemente meravigliose.\n<\/p>\n<p><\/br><\/p>\n<h4 style=\"text-align: center;\"><em>Fotografia Fine Art<\/em><\/h4>\n<h5 style=\"text-align: center;\"><em>L&#8217;opera d&#8217;arte sei tu<\/em><\/h5>\n<\/p>\n<\/div>\n<\/div>\n<p><br class=\"clear\"\/><\/div>\n<\/div>\n<div class=\"one\" >\n<div class=\"page_content_wrapper\">\n<div class=\"inner\">\n<blockquote>\n<p style=\"text-align: center;\">DICONO DI NOI&#8230;\u201cSempre grande professionalit\u00e0 e innovazione nelle fotografie di Elena. Dalle Foto fi famiglia ai ritratti pi\u00f9 particolari, riesce sempre a cogliere l&#8217;animo e le caratteristiche dei suoi soggetti, rappresentandoli in modo impeccabile.<br \/>\nOrmai da quando la conosciamo, ogni anno facciamo un servizio fotografico diverso e ne siamo sempre entusiasti!&#8221;<br \/>\nMichela P.<\/p>\n<\/blockquote>\n<p style=\"text-align: center;\"><a class=\"button small center\" style=\"background-color:#000000 !important;color:#ffffff !important;border:1px solid #000000 !important;margin-right:10px;margin-bottom:10px;\" onclick=\"window.open('https:\/\/test.elenabastiani.com\/index.php\/fotografa-newborn-trieste\/', '_blank')\">Ricevi tutte le info<\/a><\/p>\n<\/div>\n<\/div>\n<\/div>\n<div class=\"one\" >\n<div class=\"slider_wrapper\" data-autoplay=\"1\" data-timer=\"2\">\n<div class=\"flexslider\" data-height=\"750\">\n<ul class=\"slides\">\n<li><img src=\"http:\/\/test.elenabastiani.com\/wp-content\/uploads\/2014\/11\/family2.png\" alt=\"Ritratto madre con bambina avvolte da tulle su sfondo marrone\"\/>\n<div class=\"gallery_image_caption\">\n<h2>Portrait Fine Art-Ritratti fotografici a Trieste<\/h2>\n<\/div>\n<\/li>\n<li><img src=\"http:\/\/test.elenabastiani.com\/wp-content\/uploads\/2014\/11\/ritratto-bambina.png\" alt=\"Ritratto bambina capelli corti con vestito verde e svolazzo con un bel fiore viola in mano\"\/>\n<div class=\"gallery_image_caption\">\n<h2>Portrait Fine Art-Ritratti fotografici a Trieste<\/h2>\n<\/div>\n<\/li>\n<li><img src=\"http:\/\/test.elenabastiani.com\/wp-content\/uploads\/2014\/11\/ritratto-donna2.png\" alt=\"Ritratto di donna matura dai capelli corti e rossetto rosso indossa camicia mix fantasie su sfondo grigio\"\/>\n<div class=\"gallery_image_caption\">\n<h2>Portrait Fine Art-Ritratti fotografici a Trieste<\/h2>\n<\/div>\n<\/li>\n<li><img src=\"http:\/\/test.elenabastiani.com\/wp-content\/uploads\/2014\/11\/ritratto-bambino.png\" alt=\"Ritratto di bambino dai capelli biondo con occhi azzurri vestito elegante seduto\"\/>\n<div class=\"gallery_image_caption\">\n<h2>Portrait Fine Art-Ritratti fotografici a Trieste<\/h2>\n<\/div>\n<\/li>\n<li><img src=\"http:\/\/test.elenabastiani.com\/wp-content\/uploads\/2014\/11\/fine-art.png\" alt=\"Ritratto fine art bambina con treccia e vestito rosso su sfondo marrone\"\/>\n<div class=\"gallery_image_caption\">\n<h2>Portrait Fine Art-Ritratti fotografici a Trieste<\/h2>\n<\/div>\n<\/li>\n<li><img src=\"http:\/\/test.elenabastiani.com\/wp-content\/uploads\/2014\/11\/fine-art-ritratto-bambinacorrect.png\" alt=\"Ritratto artistico bimba ad occhi chiusi con velo decorativo su sfondo floreale\"\/>\n<div class=\"gallery_image_caption\">\n<h2>Portrait Fine Art-Ritratti fotografici a Trieste<\/h2>\n<\/div>\n<\/li>\n<li><img src=\"http:\/\/test.elenabastiani.com\/wp-content\/uploads\/2014\/11\/ritratto-famiglia-fine-art.png\" alt=\"Ritratto di madre con bambina avvolte da tulle su sfondo marrone\"\/>\n<div class=\"gallery_image_caption\">\n<h2>Portrait Fine Art-Ritratti fotografici a Trieste<\/h2>\n<\/div>\n<\/li>\n<li><img src=\"http:\/\/test.elenabastiani.com\/wp-content\/uploads\/2014\/11\/family-portrait-bianco-e-nero.png\" alt=\"Ritratto affettuoso di mamma e figlio che si danno un&#039;abbraccio in bianco e nero\"\/>\n<div class=\"gallery_image_caption\">\n<h2>Portrait Fine Art-Ritratti fotografici in bianco e nero a Trieste<\/h2>\n<\/div>\n<\/li>\n<li><img src=\"http:\/\/test.elenabastiani.com\/wp-content\/uploads\/2014\/11\/ritratto-donna.png\" alt=\"Ritratto donna sicura con capelli al vento e maglia a righe su sfondo nero trieste\"\/>\n<div class=\"gallery_image_caption\">\n<h2>Portrait Fine Art-Ritratti fotografici a Trieste<\/h2>\n<\/div>\n<\/li>\n<li><img src=\"http:\/\/test.elenabastiani.com\/wp-content\/uploads\/2014\/11\/ritratto-bambina3.png\" alt=\"Ritratto bambina con occhi chiusi fine art su sfondo floreale\"\/>\n<div class=\"gallery_image_caption\">\n<h2>Portrait Fine Art-Ritratti fotografici a Trieste<\/h2>\n<\/div>\n<\/li>\n<li><img src=\"http:\/\/test.elenabastiani.com\/wp-content\/uploads\/2014\/11\/family-portrait.png\" alt=\"Ritratto madre in vestito elegante che bacia il suo bambino tenendolo in braccio su sfondo marrone\"\/>\n<div class=\"gallery_image_caption\">\n<h2>Portrait Fine Art-Ritratti fotografici a Trieste<\/h2>\n<\/div>\n<\/li>\n<li><img src=\"http:\/\/test.elenabastiani.com\/wp-content\/uploads\/2014\/11\/fine-art-ritratto.png\" alt=\"Ritratto artistico di famiglia mamma con bambine su sfondo marrone\"\/>\n<div class=\"gallery_image_caption\">\n<h2>Portrait Fine Art-Ritratti fotografici a Trieste<\/h2>\n<\/div>\n<\/li>\n<li><img src=\"http:\/\/test.elenabastiani.com\/wp-content\/uploads\/2014\/11\/fine-art-ritratto2.png\" alt=\"Ritratto meravigliosa bambina con coroncina floreale e vestito in velluto viola su sfondo nero\"\/>\n<div class=\"gallery_image_caption\">\n<h2>Portrait Fine Art-Ritratti fotografici a Trieste<\/h2>\n<\/div>\n<\/li>\n<li><img src=\"http:\/\/test.elenabastiani.com\/wp-content\/uploads\/2014\/11\/family-portrait-2.png\" alt=\"Ritratto mamma con vestito lungo in tulle grigio e bimbo in braccio\"\/>\n<div class=\"gallery_image_caption\">\n<h2>Portrait Fine Art-Ritratti fotografici a Trieste<\/h2>\n<\/div>\n<\/li>\n<li><img src=\"http:\/\/test.elenabastiani.com\/wp-content\/uploads\/2014\/11\/ritratto-donna3.png\" alt=\"Ritratto di meravigliosa donna matura dai capelli rossi con vestito elegante e rossetto rosso\"\/>\n<div class=\"gallery_image_caption\">\n<h2>Portrait Fine Art-Ritratti fotografici a Trieste<\/h2>\n<\/div>\n<\/li>\n<li><img src=\"http:\/\/test.elenabastiani.com\/wp-content\/uploads\/2014\/11\/ritratto-bambina2.png\" alt=\"Ritratto bellissima bambina con vestito a fascia verde con fiore in mano\"\/>\n<div class=\"gallery_image_caption\">\n<h2>Portrait Fine Art-Ritratti fotografici a Trieste<\/h2>\n<\/div>\n<\/li>\n<\/ul>\n<\/div>\n<\/div>\n<\/div>\n<div class=\"one ppb_galleries\" >\n<div class=\"page_content_wrapper\">\n<div class=\"inner\">\n<div class=\"blog_grid_wrapper\">\n<div class=\"wall_entry type-post post gallery masonry element\">\n<div class=\"image_grid_frame\">\n<div class=\"wall_thumbnail post_archive\">\n\t\t\t\t    \t<a href=\"https:\/\/test.elenabastiani.com\/index.php\/galleries\/fotografia-maternity-fotografia-maternita-fine-art-artistica\/\" class=\"gallery_wrapper\"><br \/>\n\t\t\t\t    \t\t<img src=\"http:\/\/test.elenabastiani.com\/wp-content\/uploads\/2021\/05\/Luanasola-485x485.png\" alt=\"Ritratto stupenda maternit\u00e0 nudo artistico della bellissima Luana\" class=\"portfolio_img static\"\/><\/p>\n<div class=\"mask transparent\">\n<div class=\"mask_frame\">\n<ul class=\"gallery_img_slides\">\n<li><img src=\"http:\/\/test.elenabastiani.com\/wp-content\/uploads\/2014\/11\/sessione-maternita\u03008-485x485.png\" alt=\"\" class=\"static\"\/><\/li>\n<li><img src=\"http:\/\/test.elenabastiani.com\/wp-content\/uploads\/2014\/11\/sessione-maternita\u030041-485x485.png\" alt=\"\" class=\"static\"\/><\/li>\n<li><img src=\"http:\/\/test.elenabastiani.com\/wp-content\/uploads\/2021\/05\/Luanasola-485x485.png\" alt=\"\" class=\"static\"\/><\/li>\n<li><img src=\"http:\/\/test.elenabastiani.com\/wp-content\/uploads\/2014\/11\/sessione-maternita\u030044-485x485.png\" alt=\"\" class=\"static\"\/><\/li>\n<li><img src=\"http:\/\/test.elenabastiani.com\/wp-content\/uploads\/2014\/11\/sessione-maternita\u030037-485x485.png\" alt=\"\" class=\"static\"\/><\/li>\n<\/ul>\n<\/div><\/div>\n<p>\t\t\t\t\t\t<\/a><br \/>\n\t\t\t\t\t\t<br class=\"clear\"\/><\/p>\n<h6>Maternity Fine Art<\/h6>\n<div class=\"gallery_excerpt\">Ritratti Artistici Unici<\/div>\n<\/p><\/div>\n<\/p><\/div>\n<\/div>\n<div class=\"wall_entry type-post post gallery masonry element\">\n<div class=\"image_grid_frame\">\n<div class=\"wall_thumbnail post_archive\">\n\t\t\t\t    \t<a href=\"https:\/\/test.elenabastiani.com\/index.php\/galleries\/fotografia-ritratti-fotografia-ritratto-fine-art\/\" class=\"gallery_wrapper\"><br \/>\n\t\t\t\t    \t\t<img src=\"http:\/\/test.elenabastiani.com\/wp-content\/uploads\/2014\/11\/family2-485x485.png\" alt=\"Ritratto madre con bambina avvolte da tulle su sfondo marrone\" class=\"portfolio_img static\"\/><\/p>\n<div class=\"mask transparent\">\n<div class=\"mask_frame\">\n<ul class=\"gallery_img_slides\">\n<li><img src=\"http:\/\/test.elenabastiani.com\/wp-content\/uploads\/2014\/11\/family2-485x485.png\" alt=\"\" class=\"static\"\/><\/li>\n<li><img src=\"http:\/\/test.elenabastiani.com\/wp-content\/uploads\/2014\/11\/ritratto-bambina-485x485.png\" alt=\"\" class=\"static\"\/><\/li>\n<li><img src=\"http:\/\/test.elenabastiani.com\/wp-content\/uploads\/2014\/11\/ritratto-donna2-485x485.png\" alt=\"\" class=\"static\"\/><\/li>\n<li><img src=\"http:\/\/test.elenabastiani.com\/wp-content\/uploads\/2014\/11\/ritratto-bambino-485x485.png\" alt=\"\" class=\"static\"\/><\/li>\n<li><img src=\"http:\/\/test.elenabastiani.com\/wp-content\/uploads\/2014\/11\/fine-art-485x485.png\" alt=\"\" class=\"static\"\/><\/li>\n<\/ul>\n<\/div><\/div>\n<p>\t\t\t\t\t\t<\/a><br \/>\n\t\t\t\t\t\t<br class=\"clear\"\/><\/p>\n<h6>Portrait Fine Art<\/h6>\n<div class=\"gallery_excerpt\">L&#8217;opera d&#8217;arte sei tu<\/div>\n<\/p><\/div>\n<\/p><\/div>\n<\/div>\n<\/div>\n<\/div>\n<\/div>\n<\/div>\n","protected":false},"excerpt":{"rendered":"<p>\u201cCosa c\u2019\u00e8 di pi\u00f9 fugace dell\u2019espressione che passa su un viso?\u201d Henri Cartier-Bresson Questo tipo di immagini nascono dall\u2019unione di arte e fotografia. Luci, abiti, pose, tutto prende spunto dalla storia dell\u2019arte, i colori, la creativit\u00e0 e la tecnica di scatto dalla fotografia. Il risultato \u00e8 semplicemente eccezionale. La luce artificiale permette la massima personalizzazione [&hellip;]<\/p>\n","protected":false},"author":1,"featured_media":0,"parent":0,"menu_order":0,"comment_status":"closed","ping_status":"closed","template":"","meta":[],"_links":{"self":[{"href":"https:\/\/test.elenabastiani.com\/index.php\/wp-json\/wp\/v2\/pages\/4029"}],"collection":[{"href":"https:\/\/test.elenabastiani.com\/index.php\/wp-json\/wp\/v2\/pages"}],"about":[{"href":"https:\/\/test.elenabastiani.com\/index.php\/wp-json\/wp\/v2\/types\/page"}],"author":[{"embeddable":true,"href":"https:\/\/test.elenabastiani.com\/index.php\/wp-json\/wp\/v2\/users\/1"}],"replies":[{"embeddable":true,"href":"https:\/\/test.elenabastiani.com\/index.php\/wp-json\/wp\/v2\/comments?post=4029"}],"version-history":[{"count":66,"href":"https:\/\/test.elenabastiani.com\/index.php\/wp-json\/wp\/v2\/pages\/4029\/revisions"}],"predecessor-version":[{"id":4736,"href":"https:\/\/test.elenabastiani.com\/index.php\/wp-json\/wp\/v2\/pages\/4029\/revisions\/4736"}],"wp:attachment":[{"href":"https:\/\/test.elenabastiani.com\/index.php\/wp-json\/wp\/v2\/media?parent=4029"}],"curies":[{"name":"wp","href":"https:\/\/api.w.org\/{rel}","templated":true}]}}