{"id":4016,"date":"2021-03-30T17:22:23","date_gmt":"2021-03-30T15:22:23","guid":{"rendered":"https:\/\/test.elenabastiani.com\/?page_id=4016"},"modified":"2021-09-09T08:29:45","modified_gmt":"2021-09-09T06:29:45","slug":"album-e-stampe-pregiate","status":"publish","type":"page","link":"https:\/\/test.elenabastiani.com\/index.php\/album-e-stampe-pregiate\/","title":{"rendered":"Album e Stampe"},"content":{"rendered":"<div class=\"one\" >\n<div class=\"page_content_wrapper\">\n<div class=\"inner\">\n<blockquote>\n<p style=\"text-align: center;\">Immagini meravigliose, realizzate con cura, amore e professionalit\u00e0,<br \/>\ntestimoni di un\u2019esperienza indimenticabile,<br \/>\nmeritano di essere conservate al meglio,<br \/>\no appese alle pareti di casa in stampe che le valorizzino nel miglior modo possibile.<\/p>\n<\/blockquote>\n<p style=\"text-align: center;\">Credo sia importante catturare fotograficamente quanti pi\u00f9 momenti possibile, sia per portare nei nostri ricordi futuri la quotidianit\u00e0, sia perch\u00e8 non potremo mai sapere a quale immagine resteremo davvero legati, in un mondo in cui tutto pu\u00e0 cambiare in un attimo.<\/p>\n<\/div>\n<\/div>\n<\/div>\n<div class=\"one\" >\n<div class=\"page_content_wrapper\">\n<div class=\"inner\">\n<div class=\"one_half\">\n<div class=\"image_classic_frame expand animate\">\n<div class=\"image_wrapper\"><a href=\"http:\/\/test.elenabastiani.com\/wp-content\/uploads\/2021\/04\/sacatola_qualita\u03003.png\" class=\"img_frame\"><img src=\"http:\/\/test.elenabastiani.com\/wp-content\/uploads\/2021\/04\/sacatola_qualita\u03003.png\" alt=\"Scatola porta ricordi elena bastiani photography\" class=\"portfolio_img\"\/><\/a><\/div>\n<\/div>\n<\/div>\n<div class=\"one_half last\">\n<div class=\"image_classic_frame expand animate\">\n<div class=\"image_wrapper\"><a href=\"http:\/\/test.elenabastiani.com\/wp-content\/uploads\/2021\/04\/album2.png\" class=\"img_frame\"><img src=\"http:\/\/test.elenabastiani.com\/wp-content\/uploads\/2021\/04\/album2.png\" alt=\"Album maternit\u00e0 linea studio\" class=\"portfolio_img\"\/><\/a><\/div>\n<\/div>\n<\/div>\n<p><br class=\"clear\"\/><\/p>\n<div class=\"one_half\">\n<div class=\"image_classic_frame expand animate\">\n<div class=\"image_wrapper\"><a href=\"http:\/\/test.elenabastiani.com\/wp-content\/uploads\/2021\/04\/borsa-qualita\u0300.png\" class=\"img_frame\"><img src=\"http:\/\/test.elenabastiani.com\/wp-content\/uploads\/2021\/04\/borsa-qualita\u0300.png\" alt=\"prodotti fotografici album linea elena bastiani photography\" class=\"portfolio_img\"\/><\/a><\/div>\n<\/div>\n<\/div>\n<div class=\"one_half last animate\">\n<div class=\"image_classic_frame expand\">\n<div class=\"image_wrapper\"><a href=\"http:\/\/test.elenabastiani.com\/wp-content\/uploads\/2021\/04\/linea_studio_tutti.png\" class=\"img_frame\"><img src=\"http:\/\/test.elenabastiani.com\/wp-content\/uploads\/2021\/04\/linea_studio_tutti.png\" alt=\"Linea studio completa elena bastiani photography\" class=\"portfolio_img\"\/><\/a><\/div>\n<\/div>\n<\/div>\n<p><br class=\"clear\"\/><\/div>\n<\/div>\n<\/div>\n<div class=\"one\" >\n<div class=\"page_content_wrapper\">\n<div class=\"inner\">\n<p style=\"text-align: center;\">Ecco perch\u00e8 le stampe sono importanti ed ecco perch\u00e8 metto a disposizione i migliori prodotti di stampa rigorosamente made in Italy, album, stampe, pannelli e tele da appendere. La Linea Studio \u00e8 disponibile esclusivamente per le sessioni fotografiche realizzate da noi perch\u00e8 credo nel valore dell&#8217;eccellenza: l&#8217;alta qualit\u00e0 dell&#8217;esperienza, la professionalit\u00e0 nella realizzazione degli scatti e nella post produzione, la grandissima attenzione ai bisogni e ai desideri di bambini, famiglie e persone che si rivolgono allo studio possono solo essere finalizzati in ricordi stampati di alta qualit\u00e0.<\/p>\n<\/div>\n<\/div>\n<\/div>\n<div class=\"one\" >\n<div class=\"page_content_wrapper\">\n<div class=\"inner\">\n<div class=\"one_half\">\n<div class=\"image_classic_frame expand animate\">\n<div class=\"image_wrapper\"><a href=\"http:\/\/test.elenabastiani.com\/wp-content\/uploads\/2021\/09\/tele3.png\" class=\"img_frame\"><img src=\"http:\/\/test.elenabastiani.com\/wp-content\/uploads\/2021\/09\/tele3.png\" alt=\"\" class=\"portfolio_img\"\/><\/a><\/div>\n<\/div>\n<\/div>\n<div class=\"one_half last\">\n<div class=\"image_classic_frame expand animate\">\n<div class=\"image_wrapper\"><a href=\"http:\/\/test.elenabastiani.com\/wp-content\/uploads\/2021\/09\/album2.png\" class=\"img_frame\"><img src=\"http:\/\/test.elenabastiani.com\/wp-content\/uploads\/2021\/09\/album2.png\" alt=\"\" class=\"portfolio_img\"\/><\/a><\/div>\n<\/div>\n<\/div>\n<p><br class=\"clear\"\/><\/p>\n<div class=\"one_half\">\n<div class=\"image_classic_frame expand animate\">\n<div class=\"image_wrapper\"><a href=\"http:\/\/test.elenabastiani.com\/wp-content\/uploads\/2021\/09\/tele2.png\" class=\"img_frame\"><img src=\"http:\/\/test.elenabastiani.com\/wp-content\/uploads\/2021\/09\/tele2.png\" alt=\"\" class=\"portfolio_img\"\/><\/a><\/div>\n<\/div>\n<\/div>\n<div class=\"one_half last animate\">\n<div class=\"image_classic_frame expand\">\n<div class=\"image_wrapper\"><a href=\"http:\/\/test.elenabastiani.com\/wp-content\/uploads\/2021\/09\/album3.png\" class=\"img_frame\"><img src=\"http:\/\/test.elenabastiani.com\/wp-content\/uploads\/2021\/09\/album3.png\" alt=\"\" class=\"portfolio_img\"\/><\/a><\/div>\n<\/div>\n<\/div>\n<p><br class=\"clear\"\/><\/div>\n<\/div>\n<\/div>\n<div class=\"one\" >\n<div class=\"page_content_wrapper\">\n<div class=\"inner\">\n<p style=\"text-align: center;\">Immagina un bellissimo album fotografico da poter sfogliare a distanza di anni con tuo figlio, oppure delle splendide foto della tua gravidanza appese in camera da letto, fotografie di famiglia che ricordino a tutti quanto questa \u00e8 importante o ancora un ritratto artistico, dove quella magnifica donna che ti guarda con quello sguardo magnetico sei proprio tu.<\/p>\n<p><\/br><\/p>\n<p style=\"text-align: center;\">Scrivimi per ricevere tutte le informazioni, insieme troveremo il modo di dare forma e colore ai tuoi ricordi fotografici pi\u00f9 belli!<\/p>\n<\/div>\n<\/div>\n<\/div>\n<div class=\"one\" >\n<div class=\"page_content_wrapper\" style=\"background-image:url(http:\/\/test.elenabastiani.com\/wp-content\/uploads\/2014\/11\/baby2.png);background-size:cover;background-position:center center;height:400px;position:relative;\"><\/div>\n<\/div>\n","protected":false},"excerpt":{"rendered":"<p>Immagini meravigliose, realizzate con cura, amore e professionalit\u00e0, testimoni di un\u2019esperienza indimenticabile, meritano di essere conservate al meglio, o appese alle pareti di casa in stampe che le valorizzino nel miglior modo possibile. Credo sia importante catturare fotograficamente quanti pi\u00f9 momenti possibile, sia per portare nei nostri ricordi futuri la quotidianit\u00e0, sia perch\u00e8 non potremo [&hellip;]<\/p>\n","protected":false},"author":1,"featured_media":0,"parent":0,"menu_order":0,"comment_status":"closed","ping_status":"closed","template":"","meta":[],"_links":{"self":[{"href":"https:\/\/test.elenabastiani.com\/index.php\/wp-json\/wp\/v2\/pages\/4016"}],"collection":[{"href":"https:\/\/test.elenabastiani.com\/index.php\/wp-json\/wp\/v2\/pages"}],"about":[{"href":"https:\/\/test.elenabastiani.com\/index.php\/wp-json\/wp\/v2\/types\/page"}],"author":[{"embeddable":true,"href":"https:\/\/test.elenabastiani.com\/index.php\/wp-json\/wp\/v2\/users\/1"}],"replies":[{"embeddable":true,"href":"https:\/\/test.elenabastiani.com\/index.php\/wp-json\/wp\/v2\/comments?post=4016"}],"version-history":[{"count":32,"href":"https:\/\/test.elenabastiani.com\/index.php\/wp-json\/wp\/v2\/pages\/4016\/revisions"}],"predecessor-version":[{"id":4804,"href":"https:\/\/test.elenabastiani.com\/index.php\/wp-json\/wp\/v2\/pages\/4016\/revisions\/4804"}],"wp:attachment":[{"href":"https:\/\/test.elenabastiani.com\/index.php\/wp-json\/wp\/v2\/media?parent=4016"}],"curies":[{"name":"wp","href":"https:\/\/api.w.org\/{rel}","templated":true}]}}