{"id":3964,"date":"2021-03-29T15:59:58","date_gmt":"2021-03-29T13:59:58","guid":{"rendered":"https:\/\/test.elenabastiani.com\/?page_id=3964"},"modified":"2021-09-07T23:54:59","modified_gmt":"2021-09-07T21:54:59","slug":"fotografia-bambini-famiglia-trieste","status":"publish","type":"page","link":"https:\/\/test.elenabastiani.com\/index.php\/fotografia-bambini-famiglia-trieste\/","title":{"rendered":"Sessione fotografica Kids&#038;Family"},"content":{"rendered":"<div class=\"one\" >\n<div class=\"page_content_wrapper\">\n<div class=\"inner\">\n<blockquote>\n<p style=\"text-align: center;\">I bambini non restano bambini per tutta la vita ed i ricordi con mamma e pap\u00e0, giustamente, presto faranno spazio anche a quelli con gli amici, la scuola, il lavoro e pi\u00f9 semplicemente tutta la vita che corre avanti senza fermarsi mai.<\/p>\n<\/blockquote>\n<p><img loading=\"lazy\" class=\"aligncenter wp-image-4348 size-full\" src=\"http:\/\/test.elenabastiani.com\/wp-content\/uploads\/2014\/11\/fotografie-famiglia14.png\" alt=\"\" width=\"1200\" height=\"801\" srcset=\"https:\/\/test.elenabastiani.com\/wp-content\/uploads\/2014\/11\/fotografie-famiglia14.png 1200w, https:\/\/test.elenabastiani.com\/wp-content\/uploads\/2014\/11\/fotografie-famiglia14-300x200.png 300w, https:\/\/test.elenabastiani.com\/wp-content\/uploads\/2014\/11\/fotografie-famiglia14-1024x684.png 1024w, https:\/\/test.elenabastiani.com\/wp-content\/uploads\/2014\/11\/fotografie-famiglia14-768x513.png 768w, https:\/\/test.elenabastiani.com\/wp-content\/uploads\/2014\/11\/fotografie-famiglia14-485x324.png 485w, https:\/\/test.elenabastiani.com\/wp-content\/uploads\/2014\/11\/fotografie-famiglia14-960x641.png 960w\" sizes=\"(max-width: 1200px) 100vw, 1200px\" \/><\/p>\n<p style=\"text-align: center;\">Per questo credo che sia importante creare delle <strong>memorie fotografiche<\/strong> del qui e dell&#8217;oggi, perch\u00e8 tra cinquanta o cento anni sar\u00e0 ancora possibile <em>sfogliare un&#8217;album<\/em> e ritrovare, tra tanti ricordi di vita, <em>quelli che scaldano il cuore<\/em>. Gli abbracci stretti dati ad una mamma che, specialmente nei primi mesi, \u00e8 tutto il mondo di un bambino, quella fotografia fatta con pap\u00e0, proprio quella in cui ci si \u00e8 resi conto di quanto il loro sorriso si assomigli. R<strong>icordi davvero unici<\/strong>, emozioni che ritorneranno vive e calde anche se saranno passati anni. Questo \u00e8 il <em>potere della fotografia<\/em>, questo \u00e8 il motivo per chiamare un fotografo professinista che possa, contemporaneamente, creare per voi queste memorie per il domani, <em>facendo vivere a tutta la famiglia una bellissima esperienza oggi<\/em>.<\/p>\n<p><img loading=\"lazy\" class=\"aligncenter wp-image-4384 size-full\" src=\"http:\/\/test.elenabastiani.com\/wp-content\/uploads\/2014\/11\/fotografie-famiglia50.png\" alt=\"\" width=\"1200\" height=\"801\" srcset=\"https:\/\/test.elenabastiani.com\/wp-content\/uploads\/2014\/11\/fotografie-famiglia50.png 1200w, https:\/\/test.elenabastiani.com\/wp-content\/uploads\/2014\/11\/fotografie-famiglia50-300x200.png 300w, https:\/\/test.elenabastiani.com\/wp-content\/uploads\/2014\/11\/fotografie-famiglia50-1024x684.png 1024w, https:\/\/test.elenabastiani.com\/wp-content\/uploads\/2014\/11\/fotografie-famiglia50-768x513.png 768w, https:\/\/test.elenabastiani.com\/wp-content\/uploads\/2014\/11\/fotografie-famiglia50-485x324.png 485w, https:\/\/test.elenabastiani.com\/wp-content\/uploads\/2014\/11\/fotografie-famiglia50-960x641.png 960w\" sizes=\"(max-width: 1200px) 100vw, 1200px\" \/><\/p>\n<p style=\"text-align: center;\">A voi il compito di usare il cellulare per catturare quanta pi\u00f9 quotidianit\u00e0 possibile, a me quello di <strong>realizzare delle immagini che parlino &#8220;di voi&#8221;<\/strong>, di come state vivendo questo periodo della vostra vita e del <em>vostro essere famiglia<\/em>. La mia professionalit\u00e0 vi garantir\u00e0 <em>la qualit\u00e0 del risultato<\/em>, la mia passione un&#8217;esperienza unica, divertente, che voi e i vostri bambini non vedrete l&#8217;ora di ripetere.<\/p>\n<p style=\"text-align: center;\"><strong>Ogni famiglia \u00e8 diversa, con desideri, necessit\u00e0, case e gusti differenti.<\/strong> Io e il mio Studio siamo davvero felici di poter <em>dare forma alle vostre idee<\/em>, offrendovi esperienze diverse basate su ci\u00f2 che sentite pi\u00f9 vicino al vostro carattere.<\/p>\n<p><img loading=\"lazy\" class=\"aligncenter wp-image-4374 size-full\" src=\"http:\/\/test.elenabastiani.com\/wp-content\/uploads\/2014\/11\/fotografie-famiglia40.png\" alt=\"\" width=\"1200\" height=\"801\" srcset=\"https:\/\/test.elenabastiani.com\/wp-content\/uploads\/2014\/11\/fotografie-famiglia40.png 1200w, https:\/\/test.elenabastiani.com\/wp-content\/uploads\/2014\/11\/fotografie-famiglia40-300x200.png 300w, https:\/\/test.elenabastiani.com\/wp-content\/uploads\/2014\/11\/fotografie-famiglia40-1024x684.png 1024w, https:\/\/test.elenabastiani.com\/wp-content\/uploads\/2014\/11\/fotografie-famiglia40-768x513.png 768w, https:\/\/test.elenabastiani.com\/wp-content\/uploads\/2014\/11\/fotografie-famiglia40-485x324.png 485w, https:\/\/test.elenabastiani.com\/wp-content\/uploads\/2014\/11\/fotografie-famiglia40-960x641.png 960w\" sizes=\"(max-width: 1200px) 100vw, 1200px\" \/><\/p>\n<p style=\"text-align: center;\"><strong>Sessioni fotografiche Emozionali<\/strong> che lascino massimo spazio alla <em>spontaneit\u00e0<\/em> e all&#8217;interazione tra di voi, pur sempre all&#8217;interno di un bellissimo set allestito per la vostra famiglia oppure in location esterna, mettendo a vostra disposizione abiti ed accessori dell&#8217;Atelier dello Studio. <strong>Una sessione fotografica Fine Art<\/strong>, una scelta perfetta per chi desidera pi\u00f9 di una fotografia, pi\u00f9 simile ad un <em>dipinto studiato in ogni minimo dettaglio<\/em> e con una qualit\u00e0 altissima, un ritratto di famiglia unico e senza tempo che passer\u00e0 di generazione in generazione, oppure ritratti dei vostri figli come opere d&#8217;arte che garantiranno alla vostra casa un&#8217;<em>eleganza senza paragoni<\/em>.<\/p>\n<p style=\"text-align: center;\">\n<blockquote>\n<p style=\"text-align: center;\">Ci\u00f2 che da sempre per me \u00e8 importante, pi\u00f9 ancora del risultato fotografico, \u00e8 l&#8217;esperienza che voi e il vostro bambino farete insieme a me. Non un semplice servizio fotografico ma un momento importante, vissuto in un modo speciale e che regaler\u00e0 al vostro domani un ricordo vivido e caldo di ci\u00f2 che \u00e8 il vostro oggi.<\/p>\n<\/blockquote>\n<p style=\"text-align: center;\"><a class=\"button small center\" style=\"background-color:#000000 !important;color:#ffffff !important;border:1px solid #000000 !important;margin-right:10px;margin-bottom:10px;\" onclick=\"window.open('https:\/\/test.elenabastiani.com\/index.php\/fotografa-bambini-famiglie-trieste\/', '_blank')\">Ricevi tutte le info<\/a><\/p>\n<\/div>\n<\/div>\n<\/div>\n<div class=\"one ppb_galleries\" >\n<div class=\"page_content_wrapper\">\n<div class=\"inner\">\n<h2 class=\"ppb_title\">Scopri di pi\u00f9 sulle diverse sessioni fotografiche di famiglia&#8230;<\/h2>\n<div class=\"blog_grid_wrapper\">\n<div class=\"wall_entry type-post post gallery masonry element\">\n<div class=\"image_grid_frame\">\n<div class=\"wall_thumbnail post_archive\">\n\t\t\t\t    \t<a href=\"https:\/\/test.elenabastiani.com\/index.php\/galleries\/fotografia-ritratti-fotografia-ritratto-fine-art\/\" class=\"gallery_wrapper\"><br \/>\n\t\t\t\t    \t\t<img src=\"http:\/\/test.elenabastiani.com\/wp-content\/uploads\/2014\/11\/family2-485x485.png\" alt=\"Ritratto madre con bambina avvolte da tulle su sfondo marrone\" class=\"portfolio_img static\"\/><\/p>\n<div class=\"mask transparent\">\n<div class=\"mask_frame\">\n<ul class=\"gallery_img_slides\">\n<li><img src=\"http:\/\/test.elenabastiani.com\/wp-content\/uploads\/2014\/11\/family2-485x485.png\" alt=\"\" class=\"static\"\/><\/li>\n<li><img src=\"http:\/\/test.elenabastiani.com\/wp-content\/uploads\/2014\/11\/ritratto-bambina-485x485.png\" alt=\"\" class=\"static\"\/><\/li>\n<li><img src=\"http:\/\/test.elenabastiani.com\/wp-content\/uploads\/2014\/11\/ritratto-donna2-485x485.png\" alt=\"\" class=\"static\"\/><\/li>\n<li><img src=\"http:\/\/test.elenabastiani.com\/wp-content\/uploads\/2014\/11\/ritratto-bambino-485x485.png\" alt=\"\" class=\"static\"\/><\/li>\n<li><img src=\"http:\/\/test.elenabastiani.com\/wp-content\/uploads\/2014\/11\/fine-art-485x485.png\" alt=\"\" class=\"static\"\/><\/li>\n<\/ul>\n<\/div><\/div>\n<p>\t\t\t\t\t\t<\/a><br \/>\n\t\t\t\t\t\t<br class=\"clear\"\/><\/p>\n<h6>Portrait Fine Art<\/h6>\n<div class=\"gallery_excerpt\">L&#8217;opera d&#8217;arte sei tu<\/div>\n<\/p><\/div>\n<\/p><\/div>\n<\/div>\n<div class=\"wall_entry type-post post gallery masonry element\">\n<div class=\"image_grid_frame\">\n<div class=\"wall_thumbnail post_archive\">\n\t\t\t\t    \t<a href=\"https:\/\/test.elenabastiani.com\/index.php\/galleries\/fotografia-smash-cake-fotografia-milk-bath-special-session\/\" class=\"gallery_wrapper\"><br \/>\n\t\t\t\t    \t\t<img src=\"http:\/\/test.elenabastiani.com\/wp-content\/uploads\/2021\/03\/smash_cake-485x485.png\" alt=\"Smashcake simpatico bimbo festeggia il suo primo anno\" class=\"portfolio_img static\"\/><\/p>\n<div class=\"mask transparent\">\n<div class=\"mask_frame\">\n<ul class=\"gallery_img_slides\">\n<li><img src=\"http:\/\/test.elenabastiani.com\/wp-content\/uploads\/2021\/04\/Nicolo\u03004-485x485.png\" alt=\"\" class=\"static\"\/><\/li>\n<li><img src=\"http:\/\/test.elenabastiani.com\/wp-content\/uploads\/2021\/04\/Smash_Ludovica_10-485x485.png\" alt=\"\" class=\"static\"\/><\/li>\n<li><img src=\"http:\/\/test.elenabastiani.com\/wp-content\/uploads\/2021\/03\/milkbath4-485x485.png\" alt=\"\" class=\"static\"\/><\/li>\n<li><img src=\"http:\/\/test.elenabastiani.com\/wp-content\/uploads\/2021\/04\/Smash_Elia12-485x485.png\" alt=\"\" class=\"static\"\/><\/li>\n<li><img src=\"http:\/\/test.elenabastiani.com\/wp-content\/uploads\/2021\/03\/milkbath2-485x485.png\" alt=\"\" class=\"static\"\/><\/li>\n<\/ul>\n<\/div><\/div>\n<p>\t\t\t\t\t\t<\/a><br \/>\n\t\t\t\t\t\t<br class=\"clear\"\/><\/p>\n<h6>Special Session<\/h6>\n<div class=\"gallery_excerpt\">Smash Cake e Sessioni Tematiche<\/div>\n<\/p><\/div>\n<\/p><\/div>\n<\/div>\n<div class=\"wall_entry type-post post gallery masonry element\">\n<div class=\"image_grid_frame\">\n<div class=\"wall_thumbnail post_archive\">\n\t\t\t\t    \t<a href=\"https:\/\/test.elenabastiani.com\/index.php\/galleries\/fotografa-famiglia-esterno-trieste\/\" class=\"gallery_wrapper\"><br \/>\n\t\t\t\t    \t\t<img src=\"http:\/\/test.elenabastiani.com\/wp-content\/uploads\/2014\/11\/kids3-485x485.png\" alt=\"Kids &amp; Family in Esterna sorelle giocano al tramonto\" class=\"portfolio_img static\"\/><\/p>\n<div class=\"mask transparent\">\n<div class=\"mask_frame\">\n<ul class=\"gallery_img_slides\">\n<li><img src=\"http:\/\/test.elenabastiani.com\/wp-content\/uploads\/2014\/11\/fotografie-famiglia5-485x485.png\" alt=\"\" class=\"static\"\/><\/li>\n<li><img src=\"http:\/\/test.elenabastiani.com\/wp-content\/uploads\/2014\/11\/fotografie-famiglia14-485x485.png\" alt=\"\" class=\"static\"\/><\/li>\n<li><img src=\"http:\/\/test.elenabastiani.com\/wp-content\/uploads\/2014\/11\/fotografie-famiglia1-485x485.png\" alt=\"\" class=\"static\"\/><\/li>\n<li><img src=\"http:\/\/test.elenabastiani.com\/wp-content\/uploads\/2014\/11\/fotografie-famiglia11-485x485.png\" alt=\"\" class=\"static\"\/><\/li>\n<li><img src=\"http:\/\/test.elenabastiani.com\/wp-content\/uploads\/2014\/11\/sessione-maternity19-485x485.png\" alt=\"\" class=\"static\"\/><\/li>\n<\/ul>\n<\/div><\/div>\n<p>\t\t\t\t\t\t<\/a><br \/>\n\t\t\t\t\t\t<br class=\"clear\"\/><\/p>\n<h6>All&#8217;Aperto<\/h6>\n<div class=\"gallery_excerpt\">Sessioni al tramonto<\/div>\n<\/p><\/div>\n<\/p><\/div>\n<\/div>\n<div class=\"wall_entry type-post post gallery masonry element\">\n<div class=\"image_grid_frame\">\n<div class=\"wall_thumbnail post_archive\">\n\t\t\t\t    \t<a href=\"https:\/\/test.elenabastiani.com\/index.php\/galleries\/fotografa-natale-carnevale-pasqua-trieste\/\" class=\"gallery_wrapper\"><br \/>\n\t\t\t\t    \t\t<img src=\"http:\/\/test.elenabastiani.com\/wp-content\/uploads\/2021\/04\/sessioni-natale5-485x485.png\" alt=\"Natale sorelle giocano con le decorazioni natalizie sotto l&#039;albero di natale\" class=\"portfolio_img static\"\/><\/p>\n<div class=\"mask transparent\">\n<div class=\"mask_frame\">\n<ul class=\"gallery_img_slides\">\n<li><img src=\"http:\/\/test.elenabastiani.com\/wp-content\/uploads\/2021\/04\/sessioni-pasqua9-485x485.png\" alt=\"\" class=\"static\"\/><\/li>\n<li><img src=\"http:\/\/test.elenabastiani.com\/wp-content\/uploads\/2021\/04\/sessioni-natale16-485x485.png\" alt=\"\" class=\"static\"\/><\/li>\n<li><img src=\"http:\/\/test.elenabastiani.com\/wp-content\/uploads\/2021\/04\/sessioni-carnevale2-485x485.png\" alt=\"\" class=\"static\"\/><\/li>\n<li><img src=\"http:\/\/test.elenabastiani.com\/wp-content\/uploads\/2021\/04\/sessioni-halloween6-485x485.png\" alt=\"\" class=\"static\"\/><\/li>\n<li><img src=\"http:\/\/test.elenabastiani.com\/wp-content\/uploads\/2021\/04\/sessioni-halloween9-485x485.png\" alt=\"\" class=\"static\"\/><\/li>\n<\/ul>\n<\/div><\/div>\n<p>\t\t\t\t\t\t<\/a><br \/>\n\t\t\t\t\t\t<br class=\"clear\"\/><\/p>\n<h6>Sessioni Tematiche<\/h6>\n<div class=\"gallery_excerpt\">Natale, Pasqua, Carnevale&#8230;<\/div>\n<\/p><\/div>\n<\/p><\/div>\n<\/div>\n<div class=\"wall_entry type-post post gallery masonry element\">\n<div class=\"image_grid_frame\">\n<div class=\"wall_thumbnail post_archive\">\n\t\t\t\t    \t<a href=\"https:\/\/test.elenabastiani.com\/index.php\/galleries\/mini-sessioni-fotografia-famiglia\/\" class=\"gallery_wrapper\"><br \/>\n\t\t\t\t    \t\t<img src=\"http:\/\/test.elenabastiani.com\/wp-content\/uploads\/2021\/03\/daddy-485x485.png\" alt=\"Fotografia padre e figlio in bianco e nero\" class=\"portfolio_img static\"\/><\/p>\n<div class=\"mask transparent\">\n<div class=\"mask_frame\">\n<ul class=\"gallery_img_slides\">\n<li><img src=\"http:\/\/test.elenabastiani.com\/wp-content\/uploads\/2021\/03\/daddy-485x485.png\" alt=\"\" class=\"static\"\/><\/li>\n<li><img src=\"http:\/\/test.elenabastiani.com\/wp-content\/uploads\/2014\/11\/DSC_0833-Modifica-485x485.png\" alt=\"\" class=\"static\"\/><\/li>\n<li><img src=\"http:\/\/test.elenabastiani.com\/wp-content\/uploads\/2021\/03\/mamma-e-figlio2-485x485.png\" alt=\"\" class=\"static\"\/><\/li>\n<li><img src=\"http:\/\/test.elenabastiani.com\/wp-content\/uploads\/2014\/11\/DSC_0765-Modifica-485x485.png\" alt=\"\" class=\"static\"\/><\/li>\n<li><img src=\"http:\/\/test.elenabastiani.com\/wp-content\/uploads\/2014\/11\/DSC_0825-Modifica-485x485.png\" alt=\"\" class=\"static\"\/><\/li>\n<\/ul>\n<\/div><\/div>\n<p>\t\t\t\t\t\t<\/a><br \/>\n\t\t\t\t\t\t<br class=\"clear\"\/><\/p>\n<h6>Mini Sessioni<\/h6>\n<div class=\"gallery_excerpt\">Mommy and me, daddy and me<\/div>\n<\/p><\/div>\n<\/p><\/div>\n<\/div>\n<div class=\"wall_entry type-post post gallery masonry element\">\n<div class=\"image_grid_frame\">\n<div class=\"wall_thumbnail post_archive\">\n\t\t\t\t    \t<a href=\"https:\/\/test.elenabastiani.com\/index.php\/galleries\/fotografia-kids-fotografia-famiglila-bambini\/\" class=\"gallery_wrapper\"><br \/>\n\t\t\t\t    \t\t<img src=\"http:\/\/test.elenabastiani.com\/wp-content\/uploads\/2014\/11\/kids2-485x485.png\" alt=\"Kids&amp;Family fratelli distesi su tappeto sorridenti bianco e nero\" class=\"portfolio_img static\"\/><\/p>\n<div class=\"mask transparent\">\n<div class=\"mask_frame\">\n<ul class=\"gallery_img_slides\">\n<li><img src=\"http:\/\/test.elenabastiani.com\/wp-content\/uploads\/2014\/11\/fotografie-famiglia31-485x485.png\" alt=\"\" class=\"static\"\/><\/li>\n<li><img src=\"http:\/\/test.elenabastiani.com\/wp-content\/uploads\/2014\/11\/fotografie-famiglia48-485x485.png\" alt=\"\" class=\"static\"\/><\/li>\n<li><img src=\"http:\/\/test.elenabastiani.com\/wp-content\/uploads\/2014\/11\/fotografie-famiglia24-485x485.png\" alt=\"\" class=\"static\"\/><\/li>\n<li><img src=\"http:\/\/test.elenabastiani.com\/wp-content\/uploads\/2014\/11\/fotografie-famiglia50-485x485.png\" alt=\"\" class=\"static\"\/><\/li>\n<li><img src=\"http:\/\/test.elenabastiani.com\/wp-content\/uploads\/2014\/11\/sessione-gravidanza2-485x485.png\" alt=\"\" class=\"static\"\/><\/li>\n<\/ul>\n<\/div><\/div>\n<p>\t\t\t\t\t\t<\/a><br \/>\n\t\t\t\t\t\t<br class=\"clear\"\/><\/p>\n<h6>Kids &#038; Family<\/h6>\n<div class=\"gallery_excerpt\">Ricordi degli anni che passano<\/div>\n<\/p><\/div>\n<\/p><\/div>\n<\/div>\n<\/div>\n<\/div>\n<\/div>\n<\/div>\n","protected":false},"excerpt":{"rendered":"<p>I bambini non restano bambini per tutta la vita ed i ricordi con mamma e pap\u00e0, giustamente, presto faranno spazio anche a quelli con gli amici, la scuola, il lavoro e pi\u00f9 semplicemente tutta la vita che corre avanti senza fermarsi mai. Per questo credo che sia importante creare delle memorie fotografiche del qui e [&hellip;]<\/p>\n","protected":false},"author":1,"featured_media":0,"parent":0,"menu_order":0,"comment_status":"closed","ping_status":"closed","template":"","meta":[],"_links":{"self":[{"href":"https:\/\/test.elenabastiani.com\/index.php\/wp-json\/wp\/v2\/pages\/3964"}],"collection":[{"href":"https:\/\/test.elenabastiani.com\/index.php\/wp-json\/wp\/v2\/pages"}],"about":[{"href":"https:\/\/test.elenabastiani.com\/index.php\/wp-json\/wp\/v2\/types\/page"}],"author":[{"embeddable":true,"href":"https:\/\/test.elenabastiani.com\/index.php\/wp-json\/wp\/v2\/users\/1"}],"replies":[{"embeddable":true,"href":"https:\/\/test.elenabastiani.com\/index.php\/wp-json\/wp\/v2\/comments?post=3964"}],"version-history":[{"count":29,"href":"https:\/\/test.elenabastiani.com\/index.php\/wp-json\/wp\/v2\/pages\/3964\/revisions"}],"predecessor-version":[{"id":4753,"href":"https:\/\/test.elenabastiani.com\/index.php\/wp-json\/wp\/v2\/pages\/3964\/revisions\/4753"}],"wp:attachment":[{"href":"https:\/\/test.elenabastiani.com\/index.php\/wp-json\/wp\/v2\/media?parent=3964"}],"curies":[{"name":"wp","href":"https:\/\/api.w.org\/{rel}","templated":true}]}}