{"id":3947,"date":"2021-03-29T13:42:49","date_gmt":"2021-03-29T11:42:49","guid":{"rendered":"https:\/\/test.elenabastiani.com\/?page_id=3947"},"modified":"2021-09-07T23:56:09","modified_gmt":"2021-09-07T21:56:09","slug":"fotografia-maternity-fotografia-maternita","status":"publish","type":"page","link":"https:\/\/test.elenabastiani.com\/index.php\/fotografia-maternity-fotografia-maternita\/","title":{"rendered":"Sessione Fotografica Maternity"},"content":{"rendered":"<div class=\"one\" >\n<div class=\"page_content_wrapper\">\n<div class=\"inner\">\n<blockquote>\n<p style=\"text-align: center;\"><strong>La gravidanza \u00e8 un periodo speciale, fatto di emozioni nuove ed intense e tanti, tantissimi sogni.<\/strong><\/p>\n<\/blockquote>\n<p><img loading=\"lazy\" class=\"aligncenter wp-image-4473 size-full\" src=\"http:\/\/test.elenabastiani.com\/wp-content\/uploads\/2014\/11\/sessione-maternity21.png\" alt=\"\" width=\"1200\" height=\"801\" srcset=\"https:\/\/test.elenabastiani.com\/wp-content\/uploads\/2014\/11\/sessione-maternity21.png 1200w, https:\/\/test.elenabastiani.com\/wp-content\/uploads\/2014\/11\/sessione-maternity21-300x200.png 300w, https:\/\/test.elenabastiani.com\/wp-content\/uploads\/2014\/11\/sessione-maternity21-1024x684.png 1024w, https:\/\/test.elenabastiani.com\/wp-content\/uploads\/2014\/11\/sessione-maternity21-768x513.png 768w, https:\/\/test.elenabastiani.com\/wp-content\/uploads\/2014\/11\/sessione-maternity21-485x324.png 485w, https:\/\/test.elenabastiani.com\/wp-content\/uploads\/2014\/11\/sessione-maternity21-960x641.png 960w\" sizes=\"(max-width: 1200px) 100vw, 1200px\" \/><\/p>\n<p style=\"text-align: center;\">Lo sguardo di una mamma che pensa a <em>come sar\u00e0 fatto il suo bambino<\/em> o a come si sentir\u00e0 quando lo guarder\u00e0 negli occhi <em>per la prima volta<\/em>, \u00e8 qualcosa che mi lascia ancora senza parole dopo tanti anni e <strong>centinaia di sessioni fotografiche<\/strong> di maternit\u00e0 realizzate.<\/p>\n<p style=\"text-align: center;\">Poter rivivere questi momenti in futuro, <strong>emozionarsi attraverso delle fotografie<\/strong>, \u00e8 davvero una fantastica possibilit\u00e0 che solo negli ultimi anni si \u00e8 resa alla portata di tutti. Parlate con la generazione degli anni sessanta per esempio, allora la gravidanza veniva vissuta in un modo completamente diverso, molto riservato, quasi come qualcosa da nascondere, abiti ampi a mascherare le forme, pochissime fotografie, vero?<\/p>\n<p style=\"text-align: center;\">Sono <em>davvero felice<\/em> di quanto le cose siano cambiate perch\u00e8 credo che, dietro ad ogni mamma in attesa <em>ci sia anche una donna bellissima<\/em> e che la gravidanza, contrariamente a quanto si pensa, sia un momento di <strong>massima espressione di femminilit\u00e0<\/strong>.<\/p>\n<blockquote>\n<p style=\"text-align: center;\">Una donna incinta \u00e8 l\u2019opera d\u2019arte di Madre Natura.<\/p>\n<\/blockquote>\n<p><img loading=\"lazy\" class=\"size-full wp-image-4585 aligncenter\" src=\"http:\/\/test.elenabastiani.com\/wp-content\/uploads\/2014\/11\/sessione-gravidanza6.png\" alt=\"\" width=\"800\" height=\"1200\" srcset=\"https:\/\/test.elenabastiani.com\/wp-content\/uploads\/2014\/11\/sessione-gravidanza6.png 800w, https:\/\/test.elenabastiani.com\/wp-content\/uploads\/2014\/11\/sessione-gravidanza6-200x300.png 200w, https:\/\/test.elenabastiani.com\/wp-content\/uploads\/2014\/11\/sessione-gravidanza6-683x1024.png 683w, https:\/\/test.elenabastiani.com\/wp-content\/uploads\/2014\/11\/sessione-gravidanza6-768x1152.png 768w, https:\/\/test.elenabastiani.com\/wp-content\/uploads\/2014\/11\/sessione-gravidanza6-485x728.png 485w\" sizes=\"(max-width: 800px) 100vw, 800px\" \/><br \/>\nDurante le mie sessioni fotografiche amo esaltare questo lato femminile grazia a <em>pose ed inquadrature studiate e perfezionate<\/em> in anni di esperienza e formazione nel campo della <strong>fotografia maternity<\/strong>, volte ad esaltare le forme di qualsiasi donna. <em>La consulenza<\/em> ci aiuter\u00e0 a capire lo stile da dare alle immagini che realizzeremo insieme, <em>lo studio dei colori<\/em> della pelle, occhi o capelli ci guider\u00e0 alla ricerca dell&#8217;abbigliamento perfetto da poter scegliere nel fantastico <strong>Atelier dello Studio<\/strong>, che conta pi\u00f9 di cento diversi abiti. <em>Sono sicura che troveremo quello pi\u00f9 adatto a te e i tuoi sogni.<\/em><\/p>\n<blockquote>\n<p style=\"text-align: center;\">Il nudo artistico in un\u2019immagine di maternit\u00e0 \u00e8 pura poesia ed arte non trovi? A te che cosa piace, come vorresti vedere espressa la tua idea di maternit\u00e0?<\/p>\n<\/blockquote>\n<p><img loading=\"lazy\" class=\"aligncenter wp-image-4563 size-full\" src=\"http:\/\/test.elenabastiani.com\/wp-content\/uploads\/2014\/11\/sessione-maternita\u030040.png\" alt=\"\" width=\"1200\" height=\"800\" srcset=\"https:\/\/test.elenabastiani.com\/wp-content\/uploads\/2014\/11\/sessione-maternita\u030040.png 1200w, https:\/\/test.elenabastiani.com\/wp-content\/uploads\/2014\/11\/sessione-maternita\u030040-300x200.png 300w, https:\/\/test.elenabastiani.com\/wp-content\/uploads\/2014\/11\/sessione-maternita\u030040-1024x683.png 1024w, https:\/\/test.elenabastiani.com\/wp-content\/uploads\/2014\/11\/sessione-maternita\u030040-768x512.png 768w, https:\/\/test.elenabastiani.com\/wp-content\/uploads\/2014\/11\/sessione-maternita\u030040-485x323.png 485w, https:\/\/test.elenabastiani.com\/wp-content\/uploads\/2014\/11\/sessione-maternita\u030040-960x640.png 960w\" sizes=\"(max-width: 1200px) 100vw, 1200px\" \/><\/p>\n<p style=\"text-align: center;\">Il momento migliore per realizzare la sessione fotografica di maternit\u00e0 sar\u00e0 tra trentesima e la trentaseiesima settimana. Sar\u00e0 un piacere parlare insieme dei <strong>vostri desideri<\/strong>, delle vostre aspettative relative alla sessione fotografica e soddisfarle pienamente. Ci saranno donne che daranno priorit\u00e0 a <strong>momenti spontanei ed emozionali<\/strong> con il proprio compagno, altre che sceglieranno di avere <strong>immagini posate e artistiche<\/strong>, luce naturale e luce artificiale, mattina o pomeriggio, colazione oppure un aperitivo analcolico.<\/p>\n<p style=\"text-align: center;\"><strong>Tutto \u00e8 possibile.<\/strong> E&#8217; il vostro momento, io ed il mio staff faremo il possibile per farvi sentire a vostro agio rendendo la sessione fotografia di maternit\u00e0 <em>una bellissima esperienza da vivere<\/em>.<\/p>\n<p style=\"text-align: center;\"><a class=\"button small center\" style=\"background-color:#000000 !important;color:#ffffff !important;border:1px solid #000000 !important;margin-right:10px;margin-bottom:10px;\" onclick=\"window.open('https:\/\/test.elenabastiani.com\/index.php\/sessione-fotografica-di-maternita-a-trieste\/', '_blank')\">Ricevi tutte le info<\/a><\/p>\n<\/div>\n<\/div>\n<\/div>\n<div class=\"one ppb_galleries\" >\n<div class=\"page_content_wrapper\">\n<div class=\"inner\">\n<h2 class=\"ppb_title\">Scopri di pi\u00f9 sulle diverse sessioni fotografiche di maternit\u00e0&#8230;<\/h2>\n<div class=\"blog_grid_wrapper\">\n<div class=\"wall_entry type-post post gallery masonry element\">\n<div class=\"image_grid_frame\">\n<div class=\"wall_thumbnail post_archive\">\n\t\t\t\t    \t<a href=\"https:\/\/test.elenabastiani.com\/index.php\/galleries\/fotografia-maternity-fotografia-maternita-fine-art-artistica\/\" class=\"gallery_wrapper\"><br \/>\n\t\t\t\t    \t\t<img src=\"http:\/\/test.elenabastiani.com\/wp-content\/uploads\/2021\/05\/Luanasola-485x485.png\" alt=\"Ritratto stupenda maternit\u00e0 nudo artistico della bellissima Luana\" class=\"portfolio_img static\"\/><\/p>\n<div class=\"mask transparent\">\n<div class=\"mask_frame\">\n<ul class=\"gallery_img_slides\">\n<li><img src=\"http:\/\/test.elenabastiani.com\/wp-content\/uploads\/2014\/11\/sessione-maternita\u03008-485x485.png\" alt=\"\" class=\"static\"\/><\/li>\n<li><img src=\"http:\/\/test.elenabastiani.com\/wp-content\/uploads\/2014\/11\/sessione-maternita\u030041-485x485.png\" alt=\"\" class=\"static\"\/><\/li>\n<li><img src=\"http:\/\/test.elenabastiani.com\/wp-content\/uploads\/2021\/05\/Luanasola-485x485.png\" alt=\"\" class=\"static\"\/><\/li>\n<li><img src=\"http:\/\/test.elenabastiani.com\/wp-content\/uploads\/2014\/11\/sessione-maternita\u030044-485x485.png\" alt=\"\" class=\"static\"\/><\/li>\n<li><img src=\"http:\/\/test.elenabastiani.com\/wp-content\/uploads\/2014\/11\/sessione-maternita\u030037-485x485.png\" alt=\"\" class=\"static\"\/><\/li>\n<\/ul>\n<\/div><\/div>\n<p>\t\t\t\t\t\t<\/a><br \/>\n\t\t\t\t\t\t<br class=\"clear\"\/><\/p>\n<h6>Maternity Fine Art<\/h6>\n<div class=\"gallery_excerpt\">Ritratti Artistici Unici<\/div>\n<\/p><\/div>\n<\/p><\/div>\n<\/div>\n<div class=\"wall_entry type-post post gallery masonry element\">\n<div class=\"image_grid_frame\">\n<div class=\"wall_thumbnail post_archive\">\n\t\t\t\t    \t<a href=\"https:\/\/test.elenabastiani.com\/index.php\/galleries\/fotografia-maternity-fotografia-maternita-emozioni\/\" class=\"gallery_wrapper\"><br \/>\n\t\t\t\t    \t\t<img src=\"http:\/\/test.elenabastiani.com\/wp-content\/uploads\/2014\/11\/maternita\u03001-485x485.png\" alt=\"Maternit\u00e0 ritratto di coppia mani sul pancione luce naturale\" class=\"portfolio_img static\"\/><\/p>\n<div class=\"mask transparent\">\n<div class=\"mask_frame\">\n<ul class=\"gallery_img_slides\">\n<li><img src=\"http:\/\/test.elenabastiani.com\/wp-content\/uploads\/2014\/11\/sessione-maternity65-485x485.png\" alt=\"\" class=\"static\"\/><\/li>\n<li><img src=\"http:\/\/test.elenabastiani.com\/wp-content\/uploads\/2014\/11\/sessione-maternity61-485x485.png\" alt=\"\" class=\"static\"\/><\/li>\n<li><img src=\"http:\/\/test.elenabastiani.com\/wp-content\/uploads\/2014\/11\/sessione-maternity20-485x485.png\" alt=\"\" class=\"static\"\/><\/li>\n<li><img src=\"http:\/\/test.elenabastiani.com\/wp-content\/uploads\/2014\/11\/sessione-gravidanza5-485x485.png\" alt=\"\" class=\"static\"\/><\/li>\n<li><img src=\"http:\/\/test.elenabastiani.com\/wp-content\/uploads\/2014\/11\/sessione-maternity58-485x485.png\" alt=\"\" class=\"static\"\/><\/li>\n<\/ul>\n<\/div><\/div>\n<p>\t\t\t\t\t\t<\/a><br \/>\n\t\t\t\t\t\t<br class=\"clear\"\/><\/p>\n<h6>Maternity Emotional<\/h6>\n<div class=\"gallery_excerpt\">Ricordi senza tempo<\/div>\n<\/p><\/div>\n<\/p><\/div>\n<\/div>\n<\/div>\n<\/div>\n<\/div>\n<\/div>\n","protected":false},"excerpt":{"rendered":"<p>La gravidanza \u00e8 un periodo speciale, fatto di emozioni nuove ed intense e tanti, tantissimi sogni. Lo sguardo di una mamma che pensa a come sar\u00e0 fatto il suo bambino o a come si sentir\u00e0 quando lo guarder\u00e0 negli occhi per la prima volta, \u00e8 qualcosa che mi lascia ancora senza parole dopo tanti anni [&hellip;]<\/p>\n","protected":false},"author":1,"featured_media":0,"parent":0,"menu_order":0,"comment_status":"closed","ping_status":"closed","template":"","meta":[],"_links":{"self":[{"href":"https:\/\/test.elenabastiani.com\/index.php\/wp-json\/wp\/v2\/pages\/3947"}],"collection":[{"href":"https:\/\/test.elenabastiani.com\/index.php\/wp-json\/wp\/v2\/pages"}],"about":[{"href":"https:\/\/test.elenabastiani.com\/index.php\/wp-json\/wp\/v2\/types\/page"}],"author":[{"embeddable":true,"href":"https:\/\/test.elenabastiani.com\/index.php\/wp-json\/wp\/v2\/users\/1"}],"replies":[{"embeddable":true,"href":"https:\/\/test.elenabastiani.com\/index.php\/wp-json\/wp\/v2\/comments?post=3947"}],"version-history":[{"count":20,"href":"https:\/\/test.elenabastiani.com\/index.php\/wp-json\/wp\/v2\/pages\/3947\/revisions"}],"predecessor-version":[{"id":4754,"href":"https:\/\/test.elenabastiani.com\/index.php\/wp-json\/wp\/v2\/pages\/3947\/revisions\/4754"}],"wp:attachment":[{"href":"https:\/\/test.elenabastiani.com\/index.php\/wp-json\/wp\/v2\/media?parent=3947"}],"curies":[{"name":"wp","href":"https:\/\/api.w.org\/{rel}","templated":true}]}}