{"id":1484,"date":"2014-11-25T10:50:16","date_gmt":"2014-11-25T10:50:16","guid":{"rendered":"http:\/\/themes.themegoods.com\/vega\/demo\/?page_id=1484"},"modified":"2021-05-05T13:05:13","modified_gmt":"2021-05-05T11:05:13","slug":"homepage-1","status":"publish","type":"page","link":"https:\/\/test.elenabastiani.com\/","title":{"rendered":"Homepage"},"content":{"rendered":"<div class=\"one\" >\n<div class=\"slider_wrapper\" data-autoplay=\"1\" data-timer=\"5\">\n<div class=\"flexslider\" data-height=\"750\">\n<ul class=\"slides\">\n<li><img src=\"http:\/\/test.elenabastiani.com\/wp-content\/uploads\/2014\/11\/maternita\u03001.png\" alt=\"\"\/><\/li>\n<li><img src=\"http:\/\/test.elenabastiani.com\/wp-content\/uploads\/2014\/11\/maternita\u03002.png\" alt=\"\"\/><\/li>\n<li><img src=\"http:\/\/test.elenabastiani.com\/wp-content\/uploads\/2014\/11\/family2.png\" alt=\"\"\/><\/li>\n<li><img src=\"http:\/\/test.elenabastiani.com\/wp-content\/uploads\/2014\/11\/maternity3.png\" alt=\"\"\/><\/li>\n<li><img src=\"http:\/\/test.elenabastiani.com\/wp-content\/uploads\/2021\/05\/maternita\u0300-fine-art-2.png\" alt=\"\"\/><\/li>\n<li><img src=\"http:\/\/test.elenabastiani.com\/wp-content\/uploads\/2014\/11\/family.png\" alt=\"\"\/><\/li>\n<li><img src=\"http:\/\/test.elenabastiani.com\/wp-content\/uploads\/2014\/11\/kids4.png\" alt=\"\"\/><\/li>\n<li><img src=\"http:\/\/test.elenabastiani.com\/wp-content\/uploads\/2014\/11\/sessione-newborn3.png\" alt=\"\"\/><\/li>\n<li><img src=\"http:\/\/test.elenabastiani.com\/wp-content\/uploads\/2014\/11\/kids2.png\" alt=\"\"\/><\/li>\n<li><img src=\"http:\/\/test.elenabastiani.com\/wp-content\/uploads\/2014\/11\/baby.png\" alt=\"\"\/><\/li>\n<li><img src=\"http:\/\/test.elenabastiani.com\/wp-content\/uploads\/2014\/11\/newborn.png\" alt=\"mamma e pap\u00e0 con neonato in braccio\"\/><\/li>\n<li><img src=\"http:\/\/test.elenabastiani.com\/wp-content\/uploads\/2014\/11\/kids.png\" alt=\"\"\/><\/li>\n<li><img src=\"http:\/\/test.elenabastiani.com\/wp-content\/uploads\/2014\/11\/newborn2.png\" alt=\"\"\/><\/li>\n<li><img src=\"http:\/\/test.elenabastiani.com\/wp-content\/uploads\/2014\/11\/baby2.png\" alt=\"\"\/><\/li>\n<li><img src=\"http:\/\/test.elenabastiani.com\/wp-content\/uploads\/2014\/11\/kids3.png\" alt=\"\"\/><\/li>\n<li><img src=\"http:\/\/test.elenabastiani.com\/wp-content\/uploads\/2014\/11\/sessione-maternita\u030043.png\" alt=\"\"\/><\/li>\n<li><img src=\"http:\/\/test.elenabastiani.com\/wp-content\/uploads\/2014\/11\/sessione-maternity6.png\" alt=\"\"\/><\/li>\n<\/ul>\n<\/div>\n<\/div>\n<\/div>\n<div class=\"one\" style=\"background:#fff;text-align:center;\" >\n<div class=\"page_content_wrapper\">\n<div class=\"inner\">\n<h2 class=\"ppb_title\">Chi sono<\/h2>\n<div class=\"post_excerpt textcenter\">Una fotografa. Una donna. Una mamma. <\/p>\n<p>Una persona che crede che la fotografia, sia il modo in cui far vedere alle persone le cose importanti che spesso non vedono. Come l&#8217;amore per s\u00e9 stessi ad esempio.<\/p>\n<p>Amo creare ricordi per le famiglie, mi piace realizzare ritratti artistici per le mamme in attesa e la miglior foto di s\u00e9 stessi a chi ne sente il bisogno.<\/p><\/div>\n<p><img loading=\"lazy\" src=\"http:\/\/test.elenabastiani.com\/wp-content\/uploads\/2021\/03\/firma.png\" alt=\"signature\" width=\"161\" height=\"38\" class=\"aligncenter size-full wp-image-1402\" \/><\/p>\n<\/div>\n<\/div>\n<\/div>\n<div class=\"one ppb_galleries\" style=\"background:#f9f9f9;padding-top:10px;\" >\n<div class=\"page_content_wrapper\">\n<div class=\"inner\">\n<h2 class=\"ppb_title\">categorie sessioni<\/h2>\n<div class=\"blog_grid_wrapper\">\n<div class=\"wall_entry type-post post gallery masonry element\">\n<div class=\"image_grid_frame\">\n<div class=\"wall_thumbnail post_archive\">\n\t\t\t\t    \t<a href=\"https:\/\/test.elenabastiani.com\/index.php\/galleries\/fotografia-newborn-fotografia-neonati-fine-art\/\" class=\"gallery_wrapper\"><br \/>\n\t\t\t\t    \t\t<img src=\"http:\/\/test.elenabastiani.com\/wp-content\/uploads\/2014\/11\/sessione-newborn62-485x485.png\" alt=\"\" class=\"portfolio_img static\"\/><\/p>\n<div class=\"mask transparent\">\n<div class=\"mask_frame\">\n<ul class=\"gallery_img_slides\">\n<li><img src=\"http:\/\/test.elenabastiani.com\/wp-content\/uploads\/2014\/11\/sessione-newborn25-485x485.png\" alt=\"\" class=\"static\"\/><\/li>\n<li><img src=\"http:\/\/test.elenabastiani.com\/wp-content\/uploads\/2014\/11\/sessione-newborn60-485x485.png\" alt=\"\" class=\"static\"\/><\/li>\n<li><img src=\"http:\/\/test.elenabastiani.com\/wp-content\/uploads\/2014\/11\/sessione-newborn58-485x485.png\" alt=\"\" class=\"static\"\/><\/li>\n<li><img src=\"http:\/\/test.elenabastiani.com\/wp-content\/uploads\/2014\/11\/sessione-newborn9-485x485.png\" alt=\"\" class=\"static\"\/><\/li>\n<li><img src=\"http:\/\/test.elenabastiani.com\/wp-content\/uploads\/2014\/11\/sessione-newborn8-485x485.png\" alt=\"\" class=\"static\"\/><\/li>\n<\/ul>\n<\/div><\/div>\n<p>\t\t\t\t\t\t<\/a><br \/>\n\t\t\t\t\t\t<br class=\"clear\"\/><\/p>\n<h6>Newborn<\/h6>\n<div class=\"gallery_excerpt\">Preziosi momenti<\/div>\n<\/p><\/div>\n<\/p><\/div>\n<\/div>\n<div class=\"wall_entry type-post post gallery masonry element\">\n<div class=\"image_grid_frame\">\n<div class=\"wall_thumbnail post_archive\">\n\t\t\t\t    \t<a href=\"https:\/\/test.elenabastiani.com\/index.php\/galleries\/fotografia-kids-fotografia-famiglila-bambini\/\" class=\"gallery_wrapper\"><br \/>\n\t\t\t\t    \t\t<img src=\"http:\/\/test.elenabastiani.com\/wp-content\/uploads\/2014\/11\/kids2-485x485.png\" alt=\"\" class=\"portfolio_img static\"\/><\/p>\n<div class=\"mask transparent\">\n<div class=\"mask_frame\">\n<ul class=\"gallery_img_slides\">\n<li><img src=\"http:\/\/test.elenabastiani.com\/wp-content\/uploads\/2014\/11\/fotografie-famiglia31-485x485.png\" alt=\"\" class=\"static\"\/><\/li>\n<li><img src=\"http:\/\/test.elenabastiani.com\/wp-content\/uploads\/2014\/11\/fotografie-famiglia48-485x485.png\" alt=\"\" class=\"static\"\/><\/li>\n<li><img src=\"http:\/\/test.elenabastiani.com\/wp-content\/uploads\/2014\/11\/fotografie-famiglia24-485x485.png\" alt=\"\" class=\"static\"\/><\/li>\n<li><img src=\"http:\/\/test.elenabastiani.com\/wp-content\/uploads\/2014\/11\/fotografie-famiglia50-485x485.png\" alt=\"\" class=\"static\"\/><\/li>\n<li><img src=\"http:\/\/test.elenabastiani.com\/wp-content\/uploads\/2014\/11\/sessione-gravidanza2-485x485.png\" alt=\"\" class=\"static\"\/><\/li>\n<\/ul>\n<\/div><\/div>\n<p>\t\t\t\t\t\t<\/a><br \/>\n\t\t\t\t\t\t<br class=\"clear\"\/><\/p>\n<h6>Kids &#038; Family<\/h6>\n<div class=\"gallery_excerpt\">Ricordi degli anni che passano<\/div>\n<\/p><\/div>\n<\/p><\/div>\n<\/div>\n<div class=\"wall_entry type-post post gallery masonry element\">\n<div class=\"image_grid_frame\">\n<div class=\"wall_thumbnail post_archive\">\n\t\t\t\t    \t<a href=\"https:\/\/test.elenabastiani.com\/index.php\/galleries\/fotografia-maternity-fotografia-maternita-fine-art-artistica\/\" class=\"gallery_wrapper\"><br \/>\n\t\t\t\t    \t\t<img src=\"http:\/\/test.elenabastiani.com\/wp-content\/uploads\/2021\/05\/Luanasola-485x485.png\" alt=\"\" class=\"portfolio_img static\"\/><\/p>\n<div class=\"mask transparent\">\n<div class=\"mask_frame\">\n<ul class=\"gallery_img_slides\">\n<li><img src=\"http:\/\/test.elenabastiani.com\/wp-content\/uploads\/2014\/11\/sessione-maternita\u03008-485x485.png\" alt=\"\" class=\"static\"\/><\/li>\n<li><img src=\"http:\/\/test.elenabastiani.com\/wp-content\/uploads\/2014\/11\/sessione-maternita\u030041-485x485.png\" alt=\"\" class=\"static\"\/><\/li>\n<li><img src=\"http:\/\/test.elenabastiani.com\/wp-content\/uploads\/2021\/05\/Luanasola-485x485.png\" alt=\"\" class=\"static\"\/><\/li>\n<li><img src=\"http:\/\/test.elenabastiani.com\/wp-content\/uploads\/2014\/11\/sessione-maternita\u030044-485x485.png\" alt=\"\" class=\"static\"\/><\/li>\n<li><img src=\"http:\/\/test.elenabastiani.com\/wp-content\/uploads\/2014\/11\/sessione-maternita\u030037-485x485.png\" alt=\"\" class=\"static\"\/><\/li>\n<\/ul>\n<\/div><\/div>\n<p>\t\t\t\t\t\t<\/a><br \/>\n\t\t\t\t\t\t<br class=\"clear\"\/><\/p>\n<h6>Maternity Fine Art<\/h6>\n<div class=\"gallery_excerpt\">Ritratti Artistici Unici<\/div>\n<\/p><\/div>\n<\/p><\/div>\n<\/div>\n<div class=\"wall_entry type-post post gallery masonry element\">\n<div class=\"image_grid_frame\">\n<div class=\"wall_thumbnail post_archive\">\n\t\t\t\t    \t<a href=\"https:\/\/test.elenabastiani.com\/index.php\/galleries\/fotografia-ritratti-fotografia-ritratto-fine-art\/\" class=\"gallery_wrapper\"><br \/>\n\t\t\t\t    \t\t<img src=\"http:\/\/test.elenabastiani.com\/wp-content\/uploads\/2014\/11\/family2-485x485.png\" alt=\"\" class=\"portfolio_img static\"\/><\/p>\n<div class=\"mask transparent\">\n<div class=\"mask_frame\">\n<ul class=\"gallery_img_slides\">\n<li><img src=\"http:\/\/test.elenabastiani.com\/wp-content\/uploads\/2014\/11\/family2-485x485.png\" alt=\"\" class=\"static\"\/><\/li>\n<\/ul>\n<\/div><\/div>\n<p>\t\t\t\t\t\t<\/a><br \/>\n\t\t\t\t\t\t<br class=\"clear\"\/><\/p>\n<h6>Portrait Fine Art<\/h6>\n<div class=\"gallery_excerpt\">L&#8217;opera d&#8217;arte sei tu<\/div>\n<\/p><\/div>\n<\/p><\/div>\n<\/div>\n<div class=\"wall_entry type-post post gallery masonry element\">\n<div class=\"image_grid_frame\">\n<div class=\"wall_thumbnail post_archive\">\n\t\t\t\t    \t<a href=\"https:\/\/test.elenabastiani.com\/index.php\/galleries\/fotografia-smash-cake-fotografia-milk-bath-special-session\/\" class=\"gallery_wrapper\"><br \/>\n\t\t\t\t    \t\t<img src=\"http:\/\/test.elenabastiani.com\/wp-content\/uploads\/2021\/03\/smash_cake-485x485.png\" alt=\"\" class=\"portfolio_img static\"\/><\/p>\n<div class=\"mask transparent\">\n<div class=\"mask_frame\">\n<ul class=\"gallery_img_slides\">\n<li><img src=\"http:\/\/test.elenabastiani.com\/wp-content\/uploads\/2021\/04\/Nicolo\u03004-485x485.png\" alt=\"\" class=\"static\"\/><\/li>\n<li><img src=\"http:\/\/test.elenabastiani.com\/wp-content\/uploads\/2021\/04\/Smash_Ludovica_10-485x485.png\" alt=\"\" class=\"static\"\/><\/li>\n<li><img src=\"http:\/\/test.elenabastiani.com\/wp-content\/uploads\/2021\/03\/milkbath4-485x485.png\" alt=\"\" class=\"static\"\/><\/li>\n<li><img src=\"http:\/\/test.elenabastiani.com\/wp-content\/uploads\/2021\/04\/Smash_Elia12-485x485.png\" alt=\"\" class=\"static\"\/><\/li>\n<li><img src=\"http:\/\/test.elenabastiani.com\/wp-content\/uploads\/2021\/03\/milkbath2-485x485.png\" alt=\"\" class=\"static\"\/><\/li>\n<\/ul>\n<\/div><\/div>\n<p>\t\t\t\t\t\t<\/a><br \/>\n\t\t\t\t\t\t<br class=\"clear\"\/><\/p>\n<h6>Special Session<\/h6>\n<div class=\"gallery_excerpt\">Smash Cake e Sessioni Tematiche<\/div>\n<\/p><\/div>\n<\/p><\/div>\n<\/div>\n<div class=\"wall_entry type-post post gallery masonry element\">\n<div class=\"image_grid_frame\">\n<div class=\"wall_thumbnail post_archive\">\n\t\t\t\t    \t<a href=\"https:\/\/test.elenabastiani.com\/index.php\/galleries\/fotografia-maternity-fotografia-maternita-emozioni\/\" class=\"gallery_wrapper\"><br \/>\n\t\t\t\t    \t\t<img src=\"http:\/\/test.elenabastiani.com\/wp-content\/uploads\/2014\/11\/maternita\u03001-485x485.png\" alt=\"\" class=\"portfolio_img static\"\/><\/p>\n<div class=\"mask transparent\">\n<div class=\"mask_frame\">\n<ul class=\"gallery_img_slides\">\n<li><img src=\"http:\/\/test.elenabastiani.com\/wp-content\/uploads\/2014\/11\/sessione-maternity65-485x485.png\" alt=\"\" class=\"static\"\/><\/li>\n<li><img src=\"http:\/\/test.elenabastiani.com\/wp-content\/uploads\/2014\/11\/sessione-maternity61-485x485.png\" alt=\"\" class=\"static\"\/><\/li>\n<li><img src=\"http:\/\/test.elenabastiani.com\/wp-content\/uploads\/2014\/11\/sessione-maternity20-485x485.png\" alt=\"\" class=\"static\"\/><\/li>\n<li><img src=\"http:\/\/test.elenabastiani.com\/wp-content\/uploads\/2014\/11\/sessione-gravidanza5-485x485.png\" alt=\"\" class=\"static\"\/><\/li>\n<li><img src=\"http:\/\/test.elenabastiani.com\/wp-content\/uploads\/2014\/11\/sessione-maternity58-485x485.png\" alt=\"\" class=\"static\"\/><\/li>\n<\/ul>\n<\/div><\/div>\n<p>\t\t\t\t\t\t<\/a><br \/>\n\t\t\t\t\t\t<br class=\"clear\"\/><\/p>\n<h6>Maternity Emotional<\/h6>\n<div class=\"gallery_excerpt\">Ricordi senza tempo<\/div>\n<\/p><\/div>\n<\/p><\/div>\n<\/div>\n<div class=\"wall_entry type-post post gallery masonry element\">\n<div class=\"image_grid_frame\">\n<div class=\"wall_thumbnail post_archive\">\n\t\t\t\t    \t<a href=\"https:\/\/test.elenabastiani.com\/index.php\/galleries\/fotografa-famiglia-esterno-trieste\/\" class=\"gallery_wrapper\"><br \/>\n\t\t\t\t    \t\t<img src=\"http:\/\/test.elenabastiani.com\/wp-content\/uploads\/2014\/11\/kids3-485x485.png\" alt=\"\" class=\"portfolio_img static\"\/><\/p>\n<div class=\"mask transparent\">\n<div class=\"mask_frame\">\n<ul class=\"gallery_img_slides\">\n<li><img src=\"http:\/\/test.elenabastiani.com\/wp-content\/uploads\/2014\/11\/fotografie-famiglia5-485x485.png\" alt=\"\" class=\"static\"\/><\/li>\n<li><img src=\"http:\/\/test.elenabastiani.com\/wp-content\/uploads\/2014\/11\/fotografie-famiglia14-485x485.png\" alt=\"\" class=\"static\"\/><\/li>\n<li><img src=\"http:\/\/test.elenabastiani.com\/wp-content\/uploads\/2014\/11\/fotografie-famiglia1-485x485.png\" alt=\"\" class=\"static\"\/><\/li>\n<li><img src=\"http:\/\/test.elenabastiani.com\/wp-content\/uploads\/2014\/11\/fotografie-famiglia11-485x485.png\" alt=\"\" class=\"static\"\/><\/li>\n<li><img src=\"http:\/\/test.elenabastiani.com\/wp-content\/uploads\/2014\/11\/sessione-maternity19-485x485.png\" alt=\"\" class=\"static\"\/><\/li>\n<\/ul>\n<\/div><\/div>\n<p>\t\t\t\t\t\t<\/a><br \/>\n\t\t\t\t\t\t<br class=\"clear\"\/><\/p>\n<h6>All&#8217;Aperto<\/h6>\n<div class=\"gallery_excerpt\">Sessioni al tramonto<\/div>\n<\/p><\/div>\n<\/p><\/div>\n<\/div>\n<div class=\"wall_entry type-post post gallery masonry element\">\n<div class=\"image_grid_frame\">\n<div class=\"wall_thumbnail post_archive\">\n\t\t\t\t    \t<a href=\"https:\/\/test.elenabastiani.com\/index.php\/galleries\/fotografa-natale-carnevale-pasqua-trieste\/\" class=\"gallery_wrapper\"><br \/>\n\t\t\t\t    \t\t<img src=\"http:\/\/test.elenabastiani.com\/wp-content\/uploads\/2021\/04\/sessioni-natale5-485x485.png\" alt=\"\" class=\"portfolio_img static\"\/><\/p>\n<div class=\"mask transparent\">\n<div class=\"mask_frame\">\n<ul class=\"gallery_img_slides\">\n<li><img src=\"http:\/\/test.elenabastiani.com\/wp-content\/uploads\/2021\/04\/sessioni-pasqua9-485x485.png\" alt=\"\" class=\"static\"\/><\/li>\n<li><img src=\"http:\/\/test.elenabastiani.com\/wp-content\/uploads\/2021\/04\/sessioni-natale16-485x485.png\" alt=\"\" class=\"static\"\/><\/li>\n<li><img src=\"http:\/\/test.elenabastiani.com\/wp-content\/uploads\/2021\/04\/sessioni-carnevale2-485x485.png\" alt=\"\" class=\"static\"\/><\/li>\n<li><img src=\"http:\/\/test.elenabastiani.com\/wp-content\/uploads\/2021\/04\/sessioni-halloween6-485x485.png\" alt=\"\" class=\"static\"\/><\/li>\n<li><img src=\"http:\/\/test.elenabastiani.com\/wp-content\/uploads\/2021\/04\/sessioni-halloween9-485x485.png\" alt=\"\" class=\"static\"\/><\/li>\n<\/ul>\n<\/div><\/div>\n<p>\t\t\t\t\t\t<\/a><br \/>\n\t\t\t\t\t\t<br class=\"clear\"\/><\/p>\n<h6>Sessioni Tematiche<\/h6>\n<div class=\"gallery_excerpt\">Natale, Pasqua, Carnevale&#8230;<\/div>\n<\/p><\/div>\n<\/p><\/div>\n<\/div>\n<div class=\"wall_entry type-post post gallery masonry element\">\n<div class=\"image_grid_frame\">\n<div class=\"wall_thumbnail post_archive\">\n\t\t\t\t    \t<a href=\"https:\/\/test.elenabastiani.com\/index.php\/galleries\/mini-sessioni-fotografia-famiglia\/\" class=\"gallery_wrapper\"><br \/>\n\t\t\t\t    \t\t<img src=\"http:\/\/test.elenabastiani.com\/wp-content\/uploads\/2021\/03\/daddy-485x485.png\" alt=\"\" class=\"portfolio_img static\"\/><\/p>\n<div class=\"mask transparent\">\n<div class=\"mask_frame\">\n<ul class=\"gallery_img_slides\">\n<li><img src=\"http:\/\/test.elenabastiani.com\/wp-content\/uploads\/2021\/03\/daddy-485x485.png\" alt=\"\" class=\"static\"\/><\/li>\n<\/ul>\n<\/div><\/div>\n<p>\t\t\t\t\t\t<\/a><br \/>\n\t\t\t\t\t\t<br class=\"clear\"\/><\/p>\n<h6>Mini Sessioni<\/h6>\n<div class=\"gallery_excerpt\">Mommy and me, daddy and me<\/div>\n<\/p><\/div>\n<\/p><\/div>\n<\/div>\n<\/div>\n<\/div>\n<\/div>\n<\/div>\n<div class=\"one\" style=\"background:#fff;text-align:center;\" >\n<div class=\"page_content_wrapper\">\n<div class=\"inner\">\n<h2 class=\"ppb_title\">La nostra filosofia e il nostro credo<\/h2>\n<\/p>\n<div class=\"animate\">\n<div class=\"one_half \">\nCrediamo che una sessione fotografica non debba lasciare solo delle immagini, \u00e8 importante per noi che bambini e famiglia vivano una splendida esperienza. Crediamo che debbano sentirsi accolti, coccolati e ascoltati. Crediamo che ogni persona desideri poter arredare la propria casa con immagini che rispecchino il proprio gusto, la filosofia dello Studio \u00e8 da sempre quella di offrire questa possibilit\u00e0 e unicit\u00e0.\n<\/div>\n<div class=\"one_half last \">\nCrediamo che una donna in gravidanza sia bellissima ed \u00e8 un onore per noi creare un ritratto unico di un momento cos\u00ec prezioso. Crediamo che tutti debbano avere dei ricordi senza tempo e ritratti artistici di alta qualit\u00e0 ed \u00e8 per questo che formazione ed innovazione per noi sono fondamentali. Crediamo di potervi regalare un bel momento, ricco di emozione, serenit\u00e0 e divertimento.\n<\/div>\n<p><br class=\"clear\"\/><\/div>\n<\/p>\n<div class=\"animate\" style=\"text-align: center;\">\n<blockquote>\n<p>&#8220;Una foto non scattata \u00e8 un ricordo che non c\u2019\u00e8! Ricordati di ricordare!&#8221;<br \/>\n<\/br> Vecchia pubblicit\u00e0 Kodak<\/p>\n<\/blockquote>\n<\/div>\n<\/div>\n<\/div>\n<\/div>\n<div class=\"one\" >\n<div class=\"page_content_wrapper nopadding\">\n<div class=\"one_half_bg animate\" style=\"background-image:url(http:\/\/test.elenabastiani.com\/wp-content\/uploads\/2014\/11\/sessione-maternita\u030024.png);height:700px;\"><\/div>\n<div class=\"one_half_bg content_middle animate\">\n<div class=\"nicepadding\">\n<div class=\"page_tagline\">L&#8217;opera d&#8217;arte sei tu<\/div>\n<h2 class=\"upper_title\">Immagini Fine Art<\/h2>\n<div class=\"post_detail\">Ritratti nati dall&#8217;unione di arte e fotografia, luci, abiti e pose, tutto \u00e8 ispirato alla storia dell&#8217;arte ed unito alla creativit\u00e0 del fotografo.<\/div>\n<p>\n<a href=\"https:\/\/test.elenabastiani.com\/index.php\/fotografa-ritratti-artistici\/\" class=\"button\">Scopri di pi\u00f9<\/a><\/div>\n<\/div>\n<p><br class=\"clear\"\/><\/div>\n<\/div>\n<div class=\"one\" >\n<div class=\"page_content_wrapper nopadding\">\n<div class=\"one_half_bg content_middle animate textright\">\n<div class=\"nicepadding\">\n<div class=\"page_tagline\">Ricordi per la tua famiglia<\/div>\n<h2 class=\"upper_title\">Immagini Emozionali<\/h2>\n<div class=\"post_detail\">Fotografie cariche di emozione e spontaneit\u00e0 per dei ricordi senza tempo <\/div>\n<p>\n<a href=\"https:\/\/test.elenabastiani.com\/index.php\/fotografia-emozionale-album-famiglia\/\" class=\"button\">Scopri di pi\u00f9<\/a><\/div>\n<\/div>\n<div class=\"one_half_bg animate\" style=\"background-image:url(http:\/\/test.elenabastiani.com\/wp-content\/uploads\/2014\/11\/baby.png);height:700px;\"><\/div>\n<p><br class=\"clear\"\/><\/div>\n<\/div>\n<p><br class=\"clear\"><br \/>\n<br class=\"clear\"><\/p>\n<div class=\"one\" style=\"padding-bottom:0;\" >\n<div class=\"page_content_wrapper nopadding\">\n<div class=\"inner\">\n<div class=\"slider_wrapper\" data-autoplay=\"1\" data-timer=\"5\">\n<div class=\"flexslider\" data-height=\"750\">\n<ul class=\"slides\">\n<li><img src=\"http:\/\/test.elenabastiani.com\/wp-content\/uploads\/2014\/11\/Maternity_Jennifer_11.png\" alt=\"\"\/><\/li>\n<li><img src=\"http:\/\/test.elenabastiani.com\/wp-content\/uploads\/2014\/11\/baby-photography.png\" alt=\"\"\/><\/li>\n<li><img src=\"http:\/\/test.elenabastiani.com\/wp-content\/uploads\/2014\/11\/ritratto-famiglia.png\" alt=\"\"\/><\/li>\n<li><img src=\"http:\/\/test.elenabastiani.com\/wp-content\/uploads\/2014\/11\/maternita\u0300.png\" alt=\"\"\/><\/li>\n<li><img src=\"http:\/\/test.elenabastiani.com\/wp-content\/uploads\/2014\/11\/maternita\u0300-esterno.png\" alt=\"\"\/><\/li>\n<li><img src=\"http:\/\/test.elenabastiani.com\/wp-content\/uploads\/2014\/11\/fotografie-bambini.png\" alt=\"\"\/><\/li>\n<\/ul>\n<\/div>\n<\/div>\n<\/div>\n<\/div>\n<\/div>\n<div class=\"one\" style=\"color:#999;padding:0;text-align:center;\" >\n<div class=\"page_content_wrapper\">\n<div class=\"inner\">\n<div class=\"post_excerpt \">La sessione fotografica potr\u00e0 essere creata su misura per te, come l&#8217;abito dei tuoi sogni. Che sia artistica con luci, pose ed abiti da sogno oppure spontanea come una corsa tra i boschi. Quello che possiamo prometterti, \u00e8 che sar\u00e0 un&#8217;esperienza che coinvolger\u00e0 l&#8217;intera famiglia e lascer\u00e0 un sorriso sulle labbra ai pap\u00e0, anche i pi\u00f9 esigenti. <\/div>\n<\/div>\n<\/div>\n<\/div>\n<div class=\"one\" >\n<div class=\"page_content_wrapper\">\n<div class=\"inner\">\n<div class=\"one_third\">\n<div class=\"image_classic_frame expand animate\">\n<div class=\"image_wrapper\"><a href=\"http:\/\/test.elenabastiani.com\/wp-content\/uploads\/2014\/11\/kids3.png\" class=\"img_frame\"><img src=\"http:\/\/test.elenabastiani.com\/wp-content\/uploads\/2014\/11\/kids3.png\" alt=\"\" class=\"portfolio_img\"\/><\/a><\/div>\n<\/div>\n<\/div>\n<div class=\"one_third\">\n<div class=\"image_classic_frame expand animate\">\n<div class=\"image_wrapper\"><a href=\"http:\/\/test.elenabastiani.com\/wp-content\/uploads\/2014\/11\/maternita\u0300.png\" class=\"img_frame\"><img src=\"http:\/\/test.elenabastiani.com\/wp-content\/uploads\/2014\/11\/maternita\u0300.png\" alt=\"\" class=\"portfolio_img\"\/><\/a><\/div>\n<\/div>\n<\/div>\n<div class=\"one_third last animate\">\n<div class=\"image_classic_frame expand\">\n<div class=\"image_wrapper\"><a href=\"http:\/\/test.elenabastiani.com\/wp-content\/uploads\/2014\/11\/sessione-maternity68.png\" class=\"img_frame\"><img src=\"http:\/\/test.elenabastiani.com\/wp-content\/uploads\/2014\/11\/sessione-maternity68.png\" alt=\"\" class=\"portfolio_img\"\/><\/a><\/div>\n<\/div>\n<\/div>\n<p><br class=\"clear\"\/><\/div>\n<\/div>\n<\/div>\n<p><br class=\"clear\"><\/p>\n","protected":false},"excerpt":{"rendered":"<p>Chi sono Una fotografa. Una donna. Una mamma. Una persona che crede che la fotografia, sia il modo in cui far vedere alle persone le cose importanti che spesso non vedono. Come l&#8217;amore per s\u00e9 stessi ad esempio. Amo creare ricordi per le famiglie, mi piace realizzare ritratti artistici per le mamme in attesa e [&hellip;]<\/p>\n","protected":false},"author":1,"featured_media":0,"parent":0,"menu_order":0,"comment_status":"open","ping_status":"open","template":"","meta":[],"_links":{"self":[{"href":"https:\/\/test.elenabastiani.com\/index.php\/wp-json\/wp\/v2\/pages\/1484"}],"collection":[{"href":"https:\/\/test.elenabastiani.com\/index.php\/wp-json\/wp\/v2\/pages"}],"about":[{"href":"https:\/\/test.elenabastiani.com\/index.php\/wp-json\/wp\/v2\/types\/page"}],"author":[{"embeddable":true,"href":"https:\/\/test.elenabastiani.com\/index.php\/wp-json\/wp\/v2\/users\/1"}],"replies":[{"embeddable":true,"href":"https:\/\/test.elenabastiani.com\/index.php\/wp-json\/wp\/v2\/comments?post=1484"}],"version-history":[{"count":79,"href":"https:\/\/test.elenabastiani.com\/index.php\/wp-json\/wp\/v2\/pages\/1484\/revisions"}],"predecessor-version":[{"id":4639,"href":"https:\/\/test.elenabastiani.com\/index.php\/wp-json\/wp\/v2\/pages\/1484\/revisions\/4639"}],"wp:attachment":[{"href":"https:\/\/test.elenabastiani.com\/index.php\/wp-json\/wp\/v2\/media?parent=1484"}],"curies":[{"name":"wp","href":"https:\/\/api.w.org\/{rel}","templated":true}]}}