{"id":1440,"date":"2014-11-19T08:05:08","date_gmt":"2014-11-19T08:05:08","guid":{"rendered":"http:\/\/themes.themegoods.com\/vega\/demo\/?page_id=1440"},"modified":"2021-09-07T23:33:53","modified_gmt":"2021-09-07T21:33:53","slug":"studio-fotografico-trieste","status":"publish","type":"page","link":"https:\/\/test.elenabastiani.com\/index.php\/studio-fotografico-trieste\/","title":{"rendered":"Il mio Studio"},"content":{"rendered":"<p style=\"text-align: center;\">Avere uno studio che facesse sentire a proprio agio le persone, questo \u00e8 ci\u00f2 che ho sempre desiderato.<\/p>\n<p style=\"text-align: center;\">Un luogo dalle mille possibilit\u00e0 creative, che mi permettesse di fotografare in luce naturale quando cercavo l&#8217;emozione di un abbraccio spontaneo e ugualmente mi lasciasse giocare con la luce artificiale quando volevo creare qualcosa si unico, pittorico.<\/p>\n<p style=\"text-align: center;\">Mi piaceva l&#8217;idea di poter dare forma ai pensieri astratti delle persone che venivano da me per avere un ritratto, chi voleva l&#8217;album dei ricordi di famiglia da riguardare con i propri figli per tutta la vita, chi desiderava una sola immagine, un ritratto senza tempo, meraviglioso e studiato in ogni suo pi\u00f9 piccolo dettaglio da poter esporre in casa come una tela preziosa.<\/p>\n<p><img loading=\"lazy\" class=\"animate aligncenter wp-image-4210 size-full\" src=\"http:\/\/test.elenabastiani.com\/wp-content\/uploads\/2021\/04\/smileshop-scaled.jpg\" alt=\"\" width=\"2560\" height=\"1709\" srcset=\"https:\/\/test.elenabastiani.com\/wp-content\/uploads\/2021\/04\/smileshop-scaled.jpg 2560w, https:\/\/test.elenabastiani.com\/wp-content\/uploads\/2021\/04\/smileshop-300x200.jpg 300w, https:\/\/test.elenabastiani.com\/wp-content\/uploads\/2021\/04\/smileshop-1024x684.jpg 1024w, https:\/\/test.elenabastiani.com\/wp-content\/uploads\/2021\/04\/smileshop-768x513.jpg 768w, https:\/\/test.elenabastiani.com\/wp-content\/uploads\/2021\/04\/smileshop-1536x1025.jpg 1536w, https:\/\/test.elenabastiani.com\/wp-content\/uploads\/2021\/04\/smileshop-2048x1367.jpg 2048w, https:\/\/test.elenabastiani.com\/wp-content\/uploads\/2021\/04\/smileshop-485x324.jpg 485w, https:\/\/test.elenabastiani.com\/wp-content\/uploads\/2021\/04\/smileshop-960x641.jpg 960w\" sizes=\"(max-width: 2560px) 100vw, 2560px\" \/><\/p>\n<p style=\"text-align: center;\">Dopo tanti anni, finalmente ho trovato il posto giusto.<\/p>\n<p style=\"text-align: center;\">Centocinquanta metri quadrati di studio fotografico disposti due piani che, negli anni, cerco ancora di sistemare e ottimizzare. Inizialmente mi ero preoccupata molto dell&#8217;apparenza, di ampi spazi epositivi e dell&#8217;estetica, poi ho capito che io non sono cos\u00ec, io sono creativa, passionale e s\u00ec anche disordinata. Ho le mie priorit\u00e0 e la creativit\u00e0 viene prima dell&#8217;ordine maniacale. Quindi ho trasformato in &#8220;utile&#8221; ogni parte dello studio, creato nuove sale posa di diversa ispirazione, ognuna delle quali permette la creazione di svariate situazioni e set. Le Sale Posa LUCE, TERRA e ACQUA potranno soddisfare qualsiasi esigenza di luce e &#8220;mood&#8221;, idea creativa, artistica e emozionale.<\/p>\n<p style=\"text-align: center;\">Da sempre lo Studio pone il suo impegno nel voler essere al fianco delle famiglie e delle persone, sempre ed in modo personalizzato, credendo molto nell\u2019unicit\u00e0 di ogni singolo individuo e nell\u2019importanza dei ricordi stampati. Ecco perch\u00e9 ad Ottobre 2020 nasce lo SMILE SHOP, un luogo colorato e dinamico, dove poter mettere a vostra disposizione la nostra esperienza, anche per la creazione di ricordi fotografici nati dai vostri cellulari o macchine fotografiche. Album delle vacanze, stampe professionali in pochi giorni oppure \u201cal volo\u201d in pochi minuti, fotografie per la carta d\u2019identit\u00e0, gadget fotografici come cuscini, tazze e qualsiasi cosa vi possa servire per creare ricordi, regali ed emozioni!<\/p>\n<p style=\"text-align: center;\">Ci piace l\u2019idea di essere il vostro punto di riferimento fotografico a Trieste, il posto dove potersi rilassare, bere un caff\u00e8 ed avere la certezza di avere ci\u00f2 che desiderate senza dover impazzire online o rischiare di sbagliare qualcosa, buttando via tempo e soldi.<\/p>\n<blockquote>\n<p style=\"text-align: center;\">Ci siamo noi qui, per voi, SEMPRE.<\/p>\n<\/blockquote>\n<div class=\"post_excerpt animate\"><\/p>\n<p style=\"text-align: center;\">Ho dato vita all&#8217;Atelier dello Studio, un luogo meraviglioso dove potersi perdere, abiti sartoriali, stoffe, accessori, oltre 100 diversi look, in crescita costante, per offrire davvero il meglio alle persone che si rivolgono a me e allo Studio. Sar\u00e0 impossibile non trovare l&#8217;abbigliamento giusto per la sessione che sogni da sempre e che rispetti i tuoi colori naturali grazie alla consulenza d&#8217;immagine che offriamo per tutte le sessioni.<\/p>\n<p><\/div>\n<p><img loading=\"lazy\" class=\"animate aligncenter wp-image-4204 size-full\" src=\"http:\/\/test.elenabastiani.com\/wp-content\/uploads\/2021\/04\/abiti8.png\" alt=\"\" width=\"800\" height=\"534\" srcset=\"https:\/\/test.elenabastiani.com\/wp-content\/uploads\/2021\/04\/abiti8.png 800w, https:\/\/test.elenabastiani.com\/wp-content\/uploads\/2021\/04\/abiti8-300x200.png 300w, https:\/\/test.elenabastiani.com\/wp-content\/uploads\/2021\/04\/abiti8-768x513.png 768w, https:\/\/test.elenabastiani.com\/wp-content\/uploads\/2021\/04\/abiti8-485x324.png 485w\" sizes=\"(max-width: 800px) 100vw, 800px\" \/><\/p>\n<p><img loading=\"lazy\" class=\"animate aligncenter wp-image-4237 size-full\" src=\"http:\/\/test.elenabastiani.com\/wp-content\/uploads\/2021\/04\/2021-04-19_0001.jpg\" alt=\"\" width=\"1200\" height=\"979\" srcset=\"https:\/\/test.elenabastiani.com\/wp-content\/uploads\/2021\/04\/2021-04-19_0001.jpg 1200w, https:\/\/test.elenabastiani.com\/wp-content\/uploads\/2021\/04\/2021-04-19_0001-300x245.jpg 300w, https:\/\/test.elenabastiani.com\/wp-content\/uploads\/2021\/04\/2021-04-19_0001-1024x835.jpg 1024w, https:\/\/test.elenabastiani.com\/wp-content\/uploads\/2021\/04\/2021-04-19_0001-768x627.jpg 768w, https:\/\/test.elenabastiani.com\/wp-content\/uploads\/2021\/04\/2021-04-19_0001-485x396.jpg 485w, https:\/\/test.elenabastiani.com\/wp-content\/uploads\/2021\/04\/2021-04-19_0001-960x783.jpg 960w\" sizes=\"(max-width: 1200px) 100vw, 1200px\" \/><div class=\"post_excerpt animate\"><\/p>\n<p style=\"text-align: center;\">Non vedo l&#8217;ora di potevi accogliere al mio Studio a Trieste, offrirvi magari la colazione e poter ascoltare la vostra storia, decidendo insieme come raccontarla su carta stampata di altissima quailt\u00e0, affinch\u00e8 i ricordi che creeremo insieme non possano perdersi nel tempo<\/p>\n<p><\/div><\/p>\n<p style=\"text-align: center;\"><a class=\"button small center\" style=\"background-color:#000000 !important;color:#ffffff !important;border:1px solid #000000 !important;margin-right:10px;margin-bottom:10px;\" onclick=\"window.open('https:\/\/test.elenabastiani.com\/index.php\/fotografo-professionista-trieste\/', '_blank')\">Ricevi tutte le info<\/a><\/p>\n<p><img loading=\"lazy\" class=\"aligncenter wp-image-4026 size-large\" src=\"http:\/\/test.elenabastiani.com\/wp-content\/uploads\/2021\/03\/stomp1-1024x531.png\" alt=\"\" width=\"1024\" height=\"531\" srcset=\"https:\/\/test.elenabastiani.com\/wp-content\/uploads\/2021\/03\/stomp1-1024x531.png 1024w, https:\/\/test.elenabastiani.com\/wp-content\/uploads\/2021\/03\/stomp1-300x156.png 300w, https:\/\/test.elenabastiani.com\/wp-content\/uploads\/2021\/03\/stomp1-768x398.png 768w, https:\/\/test.elenabastiani.com\/wp-content\/uploads\/2021\/03\/stomp1-485x251.png 485w, https:\/\/test.elenabastiani.com\/wp-content\/uploads\/2021\/03\/stomp1-960x498.png 960w, https:\/\/test.elenabastiani.com\/wp-content\/uploads\/2021\/03\/stomp1.png 1200w\" sizes=\"(max-width: 1024px) 100vw, 1024px\" \/><\/p>\n","protected":false},"excerpt":{"rendered":"<p>Avere uno studio che facesse sentire a proprio agio le persone, questo \u00e8 ci\u00f2 che ho sempre desiderato. Un luogo dalle mille possibilit\u00e0 creative, che mi permettesse di fotografare in luce naturale quando cercavo l&#8217;emozione di un abbraccio spontaneo e ugualmente mi lasciasse giocare con la luce artificiale quando volevo creare qualcosa si unico, pittorico. [&hellip;]<\/p>\n","protected":false},"author":1,"featured_media":0,"parent":0,"menu_order":0,"comment_status":"open","ping_status":"open","template":"page_f.php","meta":[],"_links":{"self":[{"href":"https:\/\/test.elenabastiani.com\/index.php\/wp-json\/wp\/v2\/pages\/1440"}],"collection":[{"href":"https:\/\/test.elenabastiani.com\/index.php\/wp-json\/wp\/v2\/pages"}],"about":[{"href":"https:\/\/test.elenabastiani.com\/index.php\/wp-json\/wp\/v2\/types\/page"}],"author":[{"embeddable":true,"href":"https:\/\/test.elenabastiani.com\/index.php\/wp-json\/wp\/v2\/users\/1"}],"replies":[{"embeddable":true,"href":"https:\/\/test.elenabastiani.com\/index.php\/wp-json\/wp\/v2\/comments?post=1440"}],"version-history":[{"count":29,"href":"https:\/\/test.elenabastiani.com\/index.php\/wp-json\/wp\/v2\/pages\/1440\/revisions"}],"predecessor-version":[{"id":4244,"href":"https:\/\/test.elenabastiani.com\/index.php\/wp-json\/wp\/v2\/pages\/1440\/revisions\/4244"}],"wp:attachment":[{"href":"https:\/\/test.elenabastiani.com\/index.php\/wp-json\/wp\/v2\/media?parent=1440"}],"curies":[{"name":"wp","href":"https:\/\/api.w.org\/{rel}","templated":true}]}}